{"id":320,"date":"2024-03-12T12:46:55","date_gmt":"2024-03-12T12:46:55","guid":{"rendered":"https:\/\/lacondesacarmen.com\/?page_id=320"},"modified":"2025-05-27T16:19:23","modified_gmt":"2025-05-27T16:19:23","slug":"habitaciones-alquiler-manzanares","status":"publish","type":"page","link":"https:\/\/lacondesacarmen.com\/en\/habitaciones-alquiler-manzanares\/","title":{"rendered":"Habitaciones de alquiler en Manzanares"},"content":{"rendered":"<div data-elementor-type=\"wp-page\" data-elementor-id=\"320\" class=\"elementor elementor-320\" data-elementor-post-type=\"page\">\n\t\t\t\t<div class=\"elementor-element elementor-element-2efa0da e-flex e-con-boxed e-con e-parent\" data-id=\"2efa0da\" data-element_type=\"container\" data-e-type=\"container\">\n\t\t\t\t\t<div class=\"e-con-inner\">\n\t\t\t\t<div class=\"elementor-element elementor-element-94eeed7 elementor-widget elementor-widget-text-editor\" data-id=\"94eeed7\" data-element_type=\"widget\" data-e-type=\"widget\" data-widget_type=\"text-editor.default\">\n\t\t\t\t<div class=\"elementor-widget-container\">\n\t\t\t\t\t\t\t\t\t<p style=\"caret-color: #000000; color: #000000;\">\u00bfEst\u00e1s buscando <strong>habitaciones de alquiler en Manzanares<\/strong> (Ciudad Real)?<\/p><p>No busque m\u00e1s, en <a href=\"https:\/\/lacondesacarmen.com\/en\/\">La Condesa Carmen<\/a> llevamos ofreciendo habitaciones muchos a\u00f1os, por lo que entendemos las necesidades de las personas que vienen a nuestra comunidad y disponemos para ellos de habitaciones funcionales y c\u00f3modas.<\/p><p>Nuestras habitaciones de alquiler est\u00e1n equipadas con las \u00faltimas tecnolog\u00edas para adaptarse al estilo de vida actual.<\/p><p><strong>Ya no hay problemas de alojamiento en Manzanares.<\/strong><\/p><p>Sabemos lo complicado que puede ser encontrar una habitaci\u00f3n de alquiler en ciudades peque\u00f1as. Normalmente no hay muchas opciones que sean c\u00f3modas y a la vez funcionales, y si las hay, no suelen ser demasiado asequibles. Por suerte, nosotros disponemos de habitaciones amplias, c\u00f3modas y limpias. Nos aseguramos de que nuestras habitaciones de alquiler no tengan vecinos desagradables, inquilinos ruidosos o pasillos sucios.<\/p><h2>Habitaciones de alquiler en Manzanares que se adaptan a ti<\/h2><p>Nuestras habitaciones de alquiler se adaptan a las comodidades de nuestros inquilinos. Adaptamos la estancia a tu situaci\u00f3n, y tambi\u00e9n el piso en el que te situaremos. No es lo mismo ser un estudiante que ser un trabajador temporal. Hemos aprendido a adaptarnos a lo largo de los a\u00f1os.<\/p><p>Aun as\u00ed, hay cosas que comparten todas nuestras viviendas: cosas que consideramos b\u00e1sicas, como cocinas 100% equipadas o calefacci\u00f3n central para los meses fr\u00edos del a\u00f1o.<\/p><p><strong>Dale una oportunidad a las habitaciones en pisos compartidos.<\/strong> Nuestras habitaciones de alquiler est\u00e1n en pisos compartidos. No aceptamos a cualquiera, por lo que te aseguramos, que con tus compa\u00f1eros podr\u00e1s crear v\u00ednculos fuertes y conocer a personas interesantes o con gustos afines a los tuyos. Nos aseguramos de que compartas piso con personas que est\u00e1n en la misma etapa de la vida que t\u00fa.<\/p>\t\t\t\t\t\t\t\t<\/div>\n\t\t\t\t<\/div>\n\t\t\t\t<div class=\"elementor-element elementor-element-2de2e1c elementor-widget elementor-widget-image-gallery\" data-id=\"2de2e1c\" data-element_type=\"widget\" data-e-type=\"widget\" data-widget_type=\"image-gallery.default\">\n\t\t\t\t<div class=\"elementor-widget-container\">\n\t\t\t\t\t\t\t<div class=\"elementor-image-gallery\">\n\t\t\t<div id='gallery-1' class='gallery galleryid-320 gallery-columns-2 gallery-size-medium_large'><figure class='gallery-item'>\n\t\t\t<div class='gallery-icon landscape'>\n\t\t\t\t<a data-elementor-open-lightbox=\"yes\" data-elementor-lightbox-slideshow=\"2de2e1c\" data-elementor-lightbox-title=\"acd123ba-9649-4800-86c2-86cbfae3d94b 2\" data-e-action-hash=\"#elementor-action%3Aaction%3Dlightbox%26settings%3DeyJpZCI6MTI4NiwidXJsIjoiaHR0cHM6XC9cL2xhY29uZGVzYWNhcm1lbi5jb21cL3dwLWNvbnRlbnRcL3VwbG9hZHNcLzIwMjVcLzA1XC9hY2QxMjNiYS05NjQ5LTQ4MDAtODZjMi04NmNiZmFlM2Q5NGItMi5qcGciLCJzbGlkZXNob3ciOiIyZGUyZTFjIn0%3D\" href='https:\/\/lacondesacarmen.com\/wp-content\/uploads\/2025\/05\/acd123ba-9649-4800-86c2-86cbfae3d94b-2.jpg'><img fetchpriority=\"high\" decoding=\"async\" width=\"768\" height=\"593\" src=\"https:\/\/lacondesacarmen.com\/wp-content\/uploads\/2025\/05\/acd123ba-9649-4800-86c2-86cbfae3d94b-2-768x593.jpg\" class=\"attachment-medium_large size-medium_large\" alt=\"\" srcset=\"https:\/\/lacondesacarmen.com\/wp-content\/uploads\/2025\/05\/acd123ba-9649-4800-86c2-86cbfae3d94b-2-768x593.jpg 768w, https:\/\/lacondesacarmen.com\/wp-content\/uploads\/2025\/05\/acd123ba-9649-4800-86c2-86cbfae3d94b-2-300x232.jpg 300w, https:\/\/lacondesacarmen.com\/wp-content\/uploads\/2025\/05\/acd123ba-9649-4800-86c2-86cbfae3d94b-2-1024x791.jpg 1024w, https:\/\/lacondesacarmen.com\/wp-content\/uploads\/2025\/05\/acd123ba-9649-4800-86c2-86cbfae3d94b-2-1536x1186.jpg 1536w, https:\/\/lacondesacarmen.com\/wp-content\/uploads\/2025\/05\/acd123ba-9649-4800-86c2-86cbfae3d94b-2-16x12.jpg 16w, https:\/\/lacondesacarmen.com\/wp-content\/uploads\/2025\/05\/acd123ba-9649-4800-86c2-86cbfae3d94b-2.jpg 1981w\" sizes=\"(max-width: 768px) 100vw, 768px\" \/><\/a>\n\t\t\t<\/div><\/figure><figure class='gallery-item'>\n\t\t\t<div class='gallery-icon landscape'>\n\t\t\t\t<a data-elementor-open-lightbox=\"yes\" data-elementor-lightbox-slideshow=\"2de2e1c\" data-elementor-lightbox-title=\"Moz\u00e1rabe\" data-e-action-hash=\"#elementor-action%3Aaction%3Dlightbox%26settings%3DeyJpZCI6ODc4LCJ1cmwiOiJodHRwczpcL1wvbGFjb25kZXNhY2FybWVuLmNvbVwvd3AtY29udGVudFwvdXBsb2Fkc1wvMjAyNVwvMDJcLzQwMzBmMGE0LWE4ZGYtNDcyNC1iYTA5LWFiMzgxNTk3NjBjMC0yLmpwZyIsInNsaWRlc2hvdyI6IjJkZTJlMWMifQ%3D%3D\" href='https:\/\/lacondesacarmen.com\/wp-content\/uploads\/2025\/02\/4030f0a4-a8df-4724-ba09-ab38159760c0-2.jpg'><img decoding=\"async\" width=\"768\" height=\"576\" src=\"https:\/\/lacondesacarmen.com\/wp-content\/uploads\/2025\/02\/4030f0a4-a8df-4724-ba09-ab38159760c0-2-768x576.jpg\" class=\"attachment-medium_large size-medium_large\" alt=\"\" srcset=\"https:\/\/lacondesacarmen.com\/wp-content\/uploads\/2025\/02\/4030f0a4-a8df-4724-ba09-ab38159760c0-2-768x576.jpg 768w, https:\/\/lacondesacarmen.com\/wp-content\/uploads\/2025\/02\/4030f0a4-a8df-4724-ba09-ab38159760c0-2-300x225.jpg 300w, https:\/\/lacondesacarmen.com\/wp-content\/uploads\/2025\/02\/4030f0a4-a8df-4724-ba09-ab38159760c0-2-1024x768.jpg 1024w, https:\/\/lacondesacarmen.com\/wp-content\/uploads\/2025\/02\/4030f0a4-a8df-4724-ba09-ab38159760c0-2-1536x1152.jpg 1536w, https:\/\/lacondesacarmen.com\/wp-content\/uploads\/2025\/02\/4030f0a4-a8df-4724-ba09-ab38159760c0-2.jpg 2040w\" sizes=\"(max-width: 768px) 100vw, 768px\" \/><\/a>\n\t\t\t<\/div><\/figure>\n\t\t<\/div>\n\t\t<\/div>\n\t\t\t\t\t\t<\/div>\n\t\t\t\t<\/div>\n\t\t\t\t<div class=\"elementor-element elementor-element-08baeac elementor-widget elementor-widget-text-editor\" data-id=\"08baeac\" data-element_type=\"widget\" data-e-type=\"widget\" data-widget_type=\"text-editor.default\">\n\t\t\t\t<div class=\"elementor-widget-container\">\n\t\t\t\t\t\t\t\t\t<h2>La ubicaci\u00f3n perfecta en Manzanares<\/h2><p>La ubicaci\u00f3n de nuestras habitaciones de alquiler en Manzanares es inmejorable. Nuestros pisos est\u00e1n en el centro, por lo que est\u00e1n bien comunicados y cerca de todo: restaurantes, discotecas, supermercados, tiendas, etc.<\/p><p><strong>Tienes un hogar esper\u00e1ndote en Manzanares<\/strong>. Si quieres mudarte a Manzanares, La Condesa Carmen es la mejor alternativa. Te ofrecemos habitaciones de alquiler muy acogedoras y funcionales, con calefacci\u00f3n central y cocina completamente equipada.<\/p><p>En Manzanares puedes vivir experiencias \u00fanicas, y en nuestros pisos puedes hacer amistades para siempre. No pierdas m\u00e1s tiempo y ll\u00e1manos directamente a nosotros. Ponte en contacto para reservar.<\/p>\t\t\t\t\t\t\t\t<\/div>\n\t\t\t\t<\/div>\n\t\t\t\t<div class=\"elementor-element elementor-element-636ff95 elementor-widget elementor-widget-spacer\" data-id=\"636ff95\" data-element_type=\"widget\" data-e-type=\"widget\" data-widget_type=\"spacer.default\">\n\t\t\t\t<div class=\"elementor-widget-container\">\n\t\t\t\t\t\t\t<div class=\"elementor-spacer\">\n\t\t\t<div class=\"elementor-spacer-inner\"><\/div>\n\t\t<\/div>\n\t\t\t\t\t\t<\/div>\n\t\t\t\t<\/div>\n\t\t\t\t\t<\/div>\n\t\t\t\t<\/div>\n\t\t<div class=\"elementor-element elementor-element-43c5242 e-flex e-con-boxed e-con e-parent\" data-id=\"43c5242\" data-element_type=\"container\" data-e-type=\"container\">\n\t\t\t\t\t<div class=\"e-con-inner\">\n\t\t<div class=\"elementor-element elementor-element-6446d4f e-con-full e-flex e-con e-child\" data-id=\"6446d4f\" data-element_type=\"container\" data-e-type=\"container\">\n\t\t\t\t<div class=\"elementor-element elementor-element-5216b82 elementor-widget elementor-widget-text-editor\" data-id=\"5216b82\" data-element_type=\"widget\" data-e-type=\"widget\" data-widget_type=\"text-editor.default\">\n\t\t\t\t<div class=\"elementor-widget-container\">\n\t\t\t\t\t\t\t\t\t<p>&#8211; <span style=\"text-decoration: underline;\"><strong>Aposentos La Condesa<\/strong><\/span>: dispone de 4 habitaciones, 4 ba\u00f1os, sal\u00f3n-cocina y un patio.\u00a0<\/p><p>\u00a0 \u00a0&#8211; <strong>Habitaci\u00f3n Condesa<\/strong><\/p><p>\u00a0 \u00a0&#8211; <strong>Habitaci\u00f3n Gran Teatro<\/strong><\/p><p>\u00a0 \u00a0&#8211; <strong>Habitaci\u00f3n Comendador<\/strong><\/p><p>\u00a0 \u00a0&#8211; <strong>Habitaci\u00f3n Moz\u00e1rabe<\/strong><\/p><p>\u00a0<\/p><p>\u00a0<\/p><p>&#8211; <span style=\"text-decoration: underline;\"><strong>Alojamiento El Carmen<\/strong><\/span>: dispone de 4 habitaciones, 3 ba\u00f1os, sal\u00f3n, cocina y terraza.\u00a0<\/p><p>\u00a0 \u00a0&#8211; <strong>Habitaci\u00f3n Dulcinea<\/strong><\/p><p>\u00a0 \u00a0&#8211; <strong>Habitaci\u00f3n Carmen<\/strong><\/p><p>\u00a0 \u00a0&#8211; <strong>Habitaci\u00f3n Museo<\/strong><\/p><p>\u00a0 \u00a0&#8211; <strong>Habitaci\u00f3n Castillo<\/strong><\/p>\t\t\t\t\t\t\t\t<\/div>\n\t\t\t\t<\/div>\n\t\t\t\t<\/div>\n\t\t<div class=\"elementor-element elementor-element-19a0ef5 e-con-full e-flex e-con e-child\" data-id=\"19a0ef5\" data-element_type=\"container\" data-e-type=\"container\">\n\t\t<div class=\"elementor-element elementor-element-31d546d e-flex e-con-boxed e-con e-child\" data-id=\"31d546d\" data-element_type=\"container\" data-e-type=\"container\">\n\t\t\t\t\t<div class=\"e-con-inner\">\n\t\t\t\t<div class=\"elementor-element elementor-element-f6b3650 elementor-widget elementor-widget-video\" data-id=\"f6b3650\" data-element_type=\"widget\" data-e-type=\"widget\" data-settings=\"{&quot;video_type&quot;:&quot;hosted&quot;,&quot;controls&quot;:&quot;yes&quot;}\" data-widget_type=\"video.default\">\n\t\t\t\t<div class=\"elementor-widget-container\">\n\t\t\t\t\t\t\t<div class=\"e-hosted-video elementor-wrapper elementor-open-inline\">\n\t\t\t\t\t<video class=\"elementor-video\" src=\"https:\/\/lacondesacarmen.com\/wp-content\/uploads\/2024\/02\/La-condesa-Video-2.mp4\" controls=\"\" preload=\"metadata\" controlslist=\"nodownload\" poster=\"https:\/\/lacondesacarmen.com\/wp-content\/uploads\/2024\/02\/La-condesa-Video-2.jpg\"><\/video>\n\t\t\t\t<\/div>\n\t\t\t\t\t\t<\/div>\n\t\t\t\t<\/div>\n\t\t\t\t\t<\/div>\n\t\t\t\t<\/div>\n\t\t<div class=\"elementor-element elementor-element-7f4f1f3 e-flex e-con-boxed e-con e-child\" data-id=\"7f4f1f3\" data-element_type=\"container\" data-e-type=\"container\">\n\t\t\t\t\t<div class=\"e-con-inner\">\n\t\t\t\t<div class=\"elementor-element elementor-element-73fe200 elementor-widget elementor-widget-spacer\" data-id=\"73fe200\" data-element_type=\"widget\" data-e-type=\"widget\" data-widget_type=\"spacer.default\">\n\t\t\t\t<div class=\"elementor-widget-container\">\n\t\t\t\t\t\t\t<div class=\"elementor-spacer\">\n\t\t\t<div class=\"elementor-spacer-inner\"><\/div>\n\t\t<\/div>\n\t\t\t\t\t\t<\/div>\n\t\t\t\t<\/div>\n\t\t\t\t<div class=\"elementor-element elementor-element-aa2925b elementor-widget elementor-widget-video\" data-id=\"aa2925b\" data-element_type=\"widget\" data-e-type=\"widget\" data-settings=\"{&quot;video_type&quot;:&quot;hosted&quot;,&quot;controls&quot;:&quot;yes&quot;}\" data-widget_type=\"video.default\">\n\t\t\t\t<div class=\"elementor-widget-container\">\n\t\t\t\t\t\t\t<div class=\"e-hosted-video elementor-wrapper elementor-open-inline\">\n\t\t\t\t\t<video class=\"elementor-video\" src=\"https:\/\/lacondesacarmen.com\/wp-content\/uploads\/2024\/02\/Comunes.mp4\" controls=\"\" preload=\"metadata\" controlslist=\"nodownload\" poster=\"https:\/\/lacondesacarmen.com\/wp-content\/uploads\/2024\/02\/La-condesa-Video-2-1.jpg\"><\/video>\n\t\t\t\t<\/div>\n\t\t\t\t\t\t<\/div>\n\t\t\t\t<\/div>\n\t\t\t\t\t<\/div>\n\t\t\t\t<\/div>\n\t\t\t\t<\/div>\n\t\t\t\t\t<\/div>\n\t\t\t\t<\/div>\n\t\t<div class=\"elementor-element elementor-element-05fda73 e-flex e-con-boxed e-con e-parent\" data-id=\"05fda73\" data-element_type=\"container\" data-e-type=\"container\">\n\t\t\t\t\t<div class=\"e-con-inner\">\n\t\t\t\t<div class=\"elementor-element elementor-element-6297f6d elementor-widget elementor-widget-spacer\" data-id=\"6297f6d\" data-element_type=\"widget\" data-e-type=\"widget\" data-widget_type=\"spacer.default\">\n\t\t\t\t<div class=\"elementor-widget-container\">\n\t\t\t\t\t\t\t<div class=\"elementor-spacer\">\n\t\t\t<div class=\"elementor-spacer-inner\"><\/div>\n\t\t<\/div>\n\t\t\t\t\t\t<\/div>\n\t\t\t\t<\/div>\n\t\t\t\t<div class=\"elementor-element elementor-element-31be1c0 elementor-align-center elementor-invisible elementor-widget elementor-widget-button\" data-id=\"31be1c0\" data-element_type=\"widget\" data-e-type=\"widget\" data-settings=\"{&quot;_animation&quot;:&quot;fadeIn&quot;,&quot;_animation_delay&quot;:400}\" data-widget_type=\"button.default\">\n\t\t\t\t<div class=\"elementor-widget-container\">\n\t\t\t\t\t\t\t\t\t<div class=\"elementor-button-wrapper\">\n\t\t\t\t\t<a class=\"elementor-button elementor-button-link elementor-size-xl\" href=\"https:\/\/lacondesacarmen.com\/en\/reservar\/\">\n\t\t\t\t\t\t<span class=\"elementor-button-content-wrapper\">\n\t\t\t\t\t\t<span class=\"elementor-button-icon\">\n\t\t\t\t<svg aria-hidden=\"true\" class=\"e-font-icon-svg e-far-calendar-alt\" viewbox=\"0 0 448 512\" xmlns=\"http:\/\/www.w3.org\/2000\/svg\"><path d=\"M148 288h-40c-6.6 0-12-5.4-12-12v-40c0-6.6 5.4-12 12-12h40c6.6 0 12 5.4 12 12v40c0 6.6-5.4 12-12 12zm108-12v-40c0-6.6-5.4-12-12-12h-40c-6.6 0-12 5.4-12 12v40c0 6.6 5.4 12 12 12h40c6.6 0 12-5.4 12-12zm96 0v-40c0-6.6-5.4-12-12-12h-40c-6.6 0-12 5.4-12 12v40c0 6.6 5.4 12 12 12h40c6.6 0 12-5.4 12-12zm-96 96v-40c0-6.6-5.4-12-12-12h-40c-6.6 0-12 5.4-12 12v40c0 6.6 5.4 12 12 12h40c6.6 0 12-5.4 12-12zm-96 0v-40c0-6.6-5.4-12-12-12h-40c-6.6 0-12 5.4-12 12v40c0 6.6 5.4 12 12 12h40c6.6 0 12-5.4 12-12zm192 0v-40c0-6.6-5.4-12-12-12h-40c-6.6 0-12 5.4-12 12v40c0 6.6 5.4 12 12 12h40c6.6 0 12-5.4 12-12zm96-260v352c0 26.5-21.5 48-48 48H48c-26.5 0-48-21.5-48-48V112c0-26.5 21.5-48 48-48h48V12c0-6.6 5.4-12 12-12h40c6.6 0 12 5.4 12 12v52h128V12c0-6.6 5.4-12 12-12h40c6.6 0 12 5.4 12 12v52h48c26.5 0 48 21.5 48 48zm-48 346V160H48v298c0 3.3 2.7 6 6 6h340c3.3 0 6-2.7 6-6z\"><\/path><\/svg>\t\t\t<\/span>\n\t\t\t\t\t\t\t\t\t<span class=\"elementor-button-text\">Book Now<\/span>\n\t\t\t\t\t<\/span>\n\t\t\t\t\t<\/a>\n\t\t\t\t<\/div>\n\t\t\t\t\t\t\t\t<\/div>\n\t\t\t\t<\/div>\n\t\t\t\t\t<\/div>\n\t\t\t\t<\/div>\n\t\t\t\t<\/div>","protected":false},"excerpt":{"rendered":"<p>\u00bfEst\u00e1s buscando habitaciones de alquiler en Manzanares (Ciudad Real)? No busque m\u00e1s, en La Condesa Carmen llevamos ofreciendo habitaciones muchos a\u00f1os, por lo que entendemos las necesidades de las personas [&hellip;]<\/p>\n","protected":false},"author":1,"featured_media":0,"parent":0,"menu_order":0,"comment_status":"closed","ping_status":"closed","template":"","meta":{"_monsterinsights_skip_tracking":false,"_monsterinsights_sitenote_active":false,"_monsterinsights_sitenote_note":"","_monsterinsights_sitenote_category":0,"_joinchat":[],"footnotes":""},"class_list":["post-320","page","type-page","status-publish","hentry"],"yoast_head":"<!-- This site is optimized with the Yoast SEO plugin v27.4 - https:\/\/yoast.com\/product\/yoast-seo-wordpress\/ -->\n<title>La Condesa Carmen \u25b7 Habitaciones de alquiler en Manzanares<\/title>\n<meta name=\"description\" content=\"Nos especializamos en ofrecer habitaciones de alquiler en Manzanares (Ciudad Real), ya sea corta, media o larga estancia. Precios asequibles.\" \/>\n<meta name=\"robots\" content=\"index, follow, max-snippet:-1, max-image-preview:large, max-video-preview:-1\" \/>\n<link rel=\"canonical\" href=\"https:\/\/lacondesacarmen.com\/en\/habitaciones-alquiler-manzanares\/\" \/>\n<meta property=\"og:locale\" content=\"en_GB\" \/>\n<meta property=\"og:type\" content=\"article\" \/>\n<meta property=\"og:title\" content=\"La Condesa Carmen \u25b7 Habitaciones de alquiler en Manzanares\" \/>\n<meta property=\"og:description\" content=\"Nos especializamos en ofrecer habitaciones de alquiler en Manzanares (Ciudad Real), ya sea corta, media o larga estancia. Precios asequibles.\" \/>\n<meta property=\"og:url\" content=\"https:\/\/lacondesacarmen.com\/en\/habitaciones-alquiler-manzanares\/\" \/>\n<meta property=\"og:site_name\" content=\"La Condesa Carmen\" \/>\n<meta property=\"article:publisher\" content=\"https:\/\/www.facebook.com\/@La-Condesa-Carmen-100091353312939\/?locale=it_IT&amp;_rdr\" \/>\n<meta property=\"article:modified_time\" content=\"2025-05-27T16:19:23+00:00\" \/>\n<meta property=\"og:image\" content=\"https:\/\/lacondesacarmen.com\/wp-content\/uploads\/2025\/05\/acd123ba-9649-4800-86c2-86cbfae3d94b-2-768x593.jpg\" \/>\n<meta name=\"twitter:card\" content=\"summary_large_image\" \/>\n<meta name=\"twitter:label1\" content=\"Estimated reading time\" \/>\n\t<meta name=\"twitter:data1\" content=\"3 minutes\" \/>\n<script type=\"application\/ld+json\" class=\"yoast-schema-graph\">{\"@context\":\"https:\\\/\\\/schema.org\",\"@graph\":[{\"@type\":\"WebPage\",\"@id\":\"https:\\\/\\\/lacondesacarmen.com\\\/habitaciones-alquiler-manzanares\\\/\",\"url\":\"https:\\\/\\\/lacondesacarmen.com\\\/habitaciones-alquiler-manzanares\\\/\",\"name\":\"La Condesa Carmen \u25b7 Habitaciones de alquiler en Manzanares\",\"isPartOf\":{\"@id\":\"https:\\\/\\\/lacondesacarmen.com\\\/#website\"},\"primaryImageOfPage\":{\"@id\":\"https:\\\/\\\/lacondesacarmen.com\\\/habitaciones-alquiler-manzanares\\\/#primaryimage\"},\"image\":{\"@id\":\"https:\\\/\\\/lacondesacarmen.com\\\/habitaciones-alquiler-manzanares\\\/#primaryimage\"},\"thumbnailUrl\":\"https:\\\/\\\/lacondesacarmen.com\\\/wp-content\\\/uploads\\\/2025\\\/05\\\/acd123ba-9649-4800-86c2-86cbfae3d94b-2-768x593.jpg\",\"datePublished\":\"2024-03-12T12:46:55+00:00\",\"dateModified\":\"2025-05-27T16:19:23+00:00\",\"description\":\"Nos especializamos en ofrecer habitaciones de alquiler en Manzanares (Ciudad Real), ya sea corta, media o larga estancia. Precios asequibles.\",\"breadcrumb\":{\"@id\":\"https:\\\/\\\/lacondesacarmen.com\\\/habitaciones-alquiler-manzanares\\\/#breadcrumb\"},\"inLanguage\":\"en-GB\",\"potentialAction\":[{\"@type\":\"ReadAction\",\"target\":[\"https:\\\/\\\/lacondesacarmen.com\\\/habitaciones-alquiler-manzanares\\\/\"]}]},{\"@type\":\"ImageObject\",\"inLanguage\":\"en-GB\",\"@id\":\"https:\\\/\\\/lacondesacarmen.com\\\/habitaciones-alquiler-manzanares\\\/#primaryimage\",\"url\":\"https:\\\/\\\/lacondesacarmen.com\\\/wp-content\\\/uploads\\\/2025\\\/05\\\/acd123ba-9649-4800-86c2-86cbfae3d94b-2-768x593.jpg\",\"contentUrl\":\"https:\\\/\\\/lacondesacarmen.com\\\/wp-content\\\/uploads\\\/2025\\\/05\\\/acd123ba-9649-4800-86c2-86cbfae3d94b-2-768x593.jpg\"},{\"@type\":\"BreadcrumbList\",\"@id\":\"https:\\\/\\\/lacondesacarmen.com\\\/habitaciones-alquiler-manzanares\\\/#breadcrumb\",\"itemListElement\":[{\"@type\":\"ListItem\",\"position\":1,\"name\":\"Inicio\",\"item\":\"https:\\\/\\\/lacondesacarmen.com\\\/\"},{\"@type\":\"ListItem\",\"position\":2,\"name\":\"Habitaciones de alquiler en Manzanares\"}]},{\"@type\":\"WebSite\",\"@id\":\"https:\\\/\\\/lacondesacarmen.com\\\/#website\",\"url\":\"https:\\\/\\\/lacondesacarmen.com\\\/\",\"name\":\"lacondesacarmen.com\",\"description\":\"Alojamiento Manzanares\",\"publisher\":{\"@id\":\"https:\\\/\\\/lacondesacarmen.com\\\/#organization\"},\"alternateName\":\"lacondesacarmen.com\",\"potentialAction\":[{\"@type\":\"SearchAction\",\"target\":{\"@type\":\"EntryPoint\",\"urlTemplate\":\"https:\\\/\\\/lacondesacarmen.com\\\/?s={search_term_string}\"},\"query-input\":{\"@type\":\"PropertyValueSpecification\",\"valueRequired\":true,\"valueName\":\"search_term_string\"}}],\"inLanguage\":\"en-GB\"},{\"@type\":\"Organization\",\"@id\":\"https:\\\/\\\/lacondesacarmen.com\\\/#organization\",\"name\":\"La Condesa Carmen\",\"alternateName\":\"lacondesacarmen.com\",\"url\":\"https:\\\/\\\/lacondesacarmen.com\\\/\",\"logo\":{\"@type\":\"ImageObject\",\"inLanguage\":\"en-GB\",\"@id\":\"https:\\\/\\\/lacondesacarmen.com\\\/#\\\/schema\\\/logo\\\/image\\\/\",\"url\":\"https:\\\/\\\/lacondesacarmen.com\\\/wp-content\\\/uploads\\\/2024\\\/10\\\/cropped-LA-CONDESA.png\",\"contentUrl\":\"https:\\\/\\\/lacondesacarmen.com\\\/wp-content\\\/uploads\\\/2024\\\/10\\\/cropped-LA-CONDESA.png\",\"width\":1407,\"height\":1735,\"caption\":\"La Condesa Carmen\"},\"image\":{\"@id\":\"https:\\\/\\\/lacondesacarmen.com\\\/#\\\/schema\\\/logo\\\/image\\\/\"},\"sameAs\":[\"https:\\\/\\\/www.facebook.com\\\/@La-Condesa-Carmen-100091353312939\\\/?locale=it_IT&_rdr\",\"https:\\\/\\\/www.instagram.com\\\/lacondesacarmen\\\/\"]}]}<\/script>\n<!-- \/ Yoast SEO plugin. -->","yoast_head_json":{"title":"La Condesa Carmen \u25b7 Habitaciones de alquiler en Manzanares","description":"Nos especializamos en ofrecer habitaciones de alquiler en Manzanares (Ciudad Real), ya sea corta, media o larga estancia. Precios asequibles.","robots":{"index":"index","follow":"follow","max-snippet":"max-snippet:-1","max-image-preview":"max-image-preview:large","max-video-preview":"max-video-preview:-1"},"canonical":"https:\/\/lacondesacarmen.com\/en\/habitaciones-alquiler-manzanares\/","og_locale":"en_GB","og_type":"article","og_title":"La Condesa Carmen \u25b7 Habitaciones de alquiler en Manzanares","og_description":"Nos especializamos en ofrecer habitaciones de alquiler en Manzanares (Ciudad Real), ya sea corta, media o larga estancia. Precios asequibles.","og_url":"https:\/\/lacondesacarmen.com\/en\/habitaciones-alquiler-manzanares\/","og_site_name":"La Condesa Carmen","article_publisher":"https:\/\/www.facebook.com\/@La-Condesa-Carmen-100091353312939\/?locale=it_IT&_rdr","article_modified_time":"2025-05-27T16:19:23+00:00","og_image":[{"url":"https:\/\/lacondesacarmen.com\/wp-content\/uploads\/2025\/05\/acd123ba-9649-4800-86c2-86cbfae3d94b-2-768x593.jpg","type":"","width":"","height":""}],"twitter_card":"summary_large_image","twitter_misc":{"Estimated reading time":"3 minutes"},"schema":{"@context":"https:\/\/schema.org","@graph":[{"@type":"WebPage","@id":"https:\/\/lacondesacarmen.com\/habitaciones-alquiler-manzanares\/","url":"https:\/\/lacondesacarmen.com\/habitaciones-alquiler-manzanares\/","name":"La Condesa Carmen \u25b7 Habitaciones de alquiler en Manzanares","isPartOf":{"@id":"https:\/\/lacondesacarmen.com\/#website"},"primaryImageOfPage":{"@id":"https:\/\/lacondesacarmen.com\/habitaciones-alquiler-manzanares\/#primaryimage"},"image":{"@id":"https:\/\/lacondesacarmen.com\/habitaciones-alquiler-manzanares\/#primaryimage"},"thumbnailUrl":"https:\/\/lacondesacarmen.com\/wp-content\/uploads\/2025\/05\/acd123ba-9649-4800-86c2-86cbfae3d94b-2-768x593.jpg","datePublished":"2024-03-12T12:46:55+00:00","dateModified":"2025-05-27T16:19:23+00:00","description":"Nos especializamos en ofrecer habitaciones de alquiler en Manzanares (Ciudad Real), ya sea corta, media o larga estancia. Precios asequibles.","breadcrumb":{"@id":"https:\/\/lacondesacarmen.com\/habitaciones-alquiler-manzanares\/#breadcrumb"},"inLanguage":"en-GB","potentialAction":[{"@type":"ReadAction","target":["https:\/\/lacondesacarmen.com\/habitaciones-alquiler-manzanares\/"]}]},{"@type":"ImageObject","inLanguage":"en-GB","@id":"https:\/\/lacondesacarmen.com\/habitaciones-alquiler-manzanares\/#primaryimage","url":"https:\/\/lacondesacarmen.com\/wp-content\/uploads\/2025\/05\/acd123ba-9649-4800-86c2-86cbfae3d94b-2-768x593.jpg","contentUrl":"https:\/\/lacondesacarmen.com\/wp-content\/uploads\/2025\/05\/acd123ba-9649-4800-86c2-86cbfae3d94b-2-768x593.jpg"},{"@type":"BreadcrumbList","@id":"https:\/\/lacondesacarmen.com\/habitaciones-alquiler-manzanares\/#breadcrumb","itemListElement":[{"@type":"ListItem","position":1,"name":"Inicio","item":"https:\/\/lacondesacarmen.com\/"},{"@type":"ListItem","position":2,"name":"Habitaciones de alquiler en Manzanares"}]},{"@type":"WebSite","@id":"https:\/\/lacondesacarmen.com\/#website","url":"https:\/\/lacondesacarmen.com\/","name":"lacondesacarmen.com","description":"Alojamiento Manzanares","publisher":{"@id":"https:\/\/lacondesacarmen.com\/#organization"},"alternateName":"lacondesacarmen.com","potentialAction":[{"@type":"SearchAction","target":{"@type":"EntryPoint","urlTemplate":"https:\/\/lacondesacarmen.com\/?s={search_term_string}"},"query-input":{"@type":"PropertyValueSpecification","valueRequired":true,"valueName":"search_term_string"}}],"inLanguage":"en-GB"},{"@type":"Organization","@id":"https:\/\/lacondesacarmen.com\/#organization","name":"La Condesa Carmen","alternateName":"lacondesacarmen.com","url":"https:\/\/lacondesacarmen.com\/","logo":{"@type":"ImageObject","inLanguage":"en-GB","@id":"https:\/\/lacondesacarmen.com\/#\/schema\/logo\/image\/","url":"https:\/\/lacondesacarmen.com\/wp-content\/uploads\/2024\/10\/cropped-LA-CONDESA.png","contentUrl":"https:\/\/lacondesacarmen.com\/wp-content\/uploads\/2024\/10\/cropped-LA-CONDESA.png","width":1407,"height":1735,"caption":"La Condesa Carmen"},"image":{"@id":"https:\/\/lacondesacarmen.com\/#\/schema\/logo\/image\/"},"sameAs":["https:\/\/www.facebook.com\/@La-Condesa-Carmen-100091353312939\/?locale=it_IT&_rdr","https:\/\/www.instagram.com\/lacondesacarmen\/"]}]}},"_links":{"self":[{"href":"https:\/\/lacondesacarmen.com\/en\/wp-json\/wp\/v2\/pages\/320","targetHints":{"allow":["GET"]}}],"collection":[{"href":"https:\/\/lacondesacarmen.com\/en\/wp-json\/wp\/v2\/pages"}],"about":[{"href":"https:\/\/lacondesacarmen.com\/en\/wp-json\/wp\/v2\/types\/page"}],"author":[{"embeddable":true,"href":"https:\/\/lacondesacarmen.com\/en\/wp-json\/wp\/v2\/users\/1"}],"replies":[{"embeddable":true,"href":"https:\/\/lacondesacarmen.com\/en\/wp-json\/wp\/v2\/comments?post=320"}],"version-history":[{"count":23,"href":"https:\/\/lacondesacarmen.com\/en\/wp-json\/wp\/v2\/pages\/320\/revisions"}],"predecessor-version":[{"id":1299,"href":"https:\/\/lacondesacarmen.com\/en\/wp-json\/wp\/v2\/pages\/320\/revisions\/1299"}],"wp:attachment":[{"href":"https:\/\/lacondesacarmen.com\/en\/wp-json\/wp\/v2\/media?parent=320"}],"curies":[{"name":"wp","href":"https:\/\/api.w.org\/{rel}","templated":true}]}}