{"id":328,"date":"2024-03-12T12:53:24","date_gmt":"2024-03-12T12:53:24","guid":{"rendered":"https:\/\/lacondesacarmen.com\/?page_id=328"},"modified":"2024-10-10T17:52:10","modified_gmt":"2024-10-10T17:52:10","slug":"alojamiento-larga-estancia-manzanares","status":"publish","type":"page","link":"https:\/\/lacondesacarmen.com\/en\/alojamiento-larga-estancia-manzanares\/","title":{"rendered":"Alojamiento de larga estancia en Manzanares"},"content":{"rendered":"<div data-elementor-type=\"wp-page\" data-elementor-id=\"328\" class=\"elementor elementor-328\" data-elementor-post-type=\"page\">\n\t\t\t\t<div class=\"elementor-element elementor-element-2efa0da e-flex e-con-boxed e-con e-parent\" data-id=\"2efa0da\" data-element_type=\"container\" data-e-type=\"container\">\n\t\t\t\t\t<div class=\"e-con-inner\">\n\t\t\t\t<div class=\"elementor-element elementor-element-94eeed7 elementor-widget elementor-widget-text-editor\" data-id=\"94eeed7\" data-element_type=\"widget\" data-e-type=\"widget\" data-widget_type=\"text-editor.default\">\n\t\t\t\t<div class=\"elementor-widget-container\">\n\t\t\t\t\t\t\t\t\t<p>Ofrecemos m\u00e1s que simples habitaciones. Ofrecemos hogares donde te sentir\u00e1s c\u00f3modo, acogido, y parte de una comunidad.<\/p><p>En <a href=\"https:\/\/lacondesacarmen.com\/en\/\">La Condesa Carmen<\/a> ofrecemos alojamiento de larga estancia en Manzanares, y llevamos mucho tiempo haci\u00e9ndolo, por lo que conocemos lo que necesitas y lo que te viene mejor.<\/p>\t\t\t\t\t\t\t\t<\/div>\n\t\t\t\t<\/div>\n\t\t\t\t<div class=\"elementor-element elementor-element-2de2e1c elementor-widget elementor-widget-image-gallery\" data-id=\"2de2e1c\" data-element_type=\"widget\" data-e-type=\"widget\" data-widget_type=\"image-gallery.default\">\n\t\t\t\t<div class=\"elementor-widget-container\">\n\t\t\t\t\t\t\t<div class=\"elementor-image-gallery\">\n\t\t\t<div id='gallery-1' class='gallery galleryid-328 gallery-columns-1 gallery-size-medium'><figure class='gallery-item'>\n\t\t\t<div class='gallery-icon landscape'>\n\t\t\t\t<a data-elementor-open-lightbox=\"yes\" data-elementor-lightbox-slideshow=\"2de2e1c\" data-elementor-lightbox-title=\"Zonas Com-12bis\" data-e-action-hash=\"#elementor-action%3Aaction%3Dlightbox%26settings%3DeyJpZCI6MTQ5LCJ1cmwiOiJodHRwczpcL1wvbGFjb25kZXNhY2FybWVuLmNvbVwvd3AtY29udGVudFwvdXBsb2Fkc1wvMjAyNFwvMDJcL1pvbmFzLUNvbS0xMmJpcy53ZWJwIiwic2xpZGVzaG93IjoiMmRlMmUxYyJ9\" href='https:\/\/lacondesacarmen.com\/wp-content\/uploads\/2024\/02\/Zonas-Com-12bis.webp'><img fetchpriority=\"high\" decoding=\"async\" width=\"300\" height=\"240\" src=\"https:\/\/lacondesacarmen.com\/wp-content\/uploads\/2024\/02\/Zonas-Com-12bis-300x240.webp\" class=\"attachment-medium size-medium\" alt=\"Alquiler larga estancia en Manzanares\" srcset=\"https:\/\/lacondesacarmen.com\/wp-content\/uploads\/2024\/02\/Zonas-Com-12bis-300x240.webp 300w, https:\/\/lacondesacarmen.com\/wp-content\/uploads\/2024\/02\/Zonas-Com-12bis-1024x819.webp 1024w, https:\/\/lacondesacarmen.com\/wp-content\/uploads\/2024\/02\/Zonas-Com-12bis-768x614.webp 768w, https:\/\/lacondesacarmen.com\/wp-content\/uploads\/2024\/02\/Zonas-Com-12bis-1536x1229.webp 1536w, https:\/\/lacondesacarmen.com\/wp-content\/uploads\/2024\/02\/Zonas-Com-12bis.webp 1800w\" sizes=\"(max-width: 300px) 100vw, 300px\" \/><\/a>\n\t\t\t<\/div><\/figure>\n\t\t<\/div>\n\t\t<\/div>\n\t\t\t\t\t\t<\/div>\n\t\t\t\t<\/div>\n\t\t\t\t<div class=\"elementor-element elementor-element-08baeac elementor-widget elementor-widget-text-editor\" data-id=\"08baeac\" data-element_type=\"widget\" data-e-type=\"widget\" data-widget_type=\"text-editor.default\">\n\t\t\t\t<div class=\"elementor-widget-container\">\n\t\t\t\t\t\t\t\t\t<h2>Alojamiento en Manzanares (Ciudad Real)<\/h2><p>Sabemos que encontrar un lugar para vivir puede ser un desaf\u00edo, sobre todo si no conoces la zona. En La Condesa Carmen te explicaremos todo lo relacionado con el pueblo, y te aconsejaremos sobre qu\u00e9 necesitas en base a tus motivos para mudarte a la ciudad y tu personalidad.<\/p><p><strong>\u00bfQu\u00e9 nos hace especiales?<\/strong><\/p><ol><li><strong>Ubicaci\u00f3n en el centro de Manzanares<\/strong>: nuestras propiedades est\u00e1n en el centro de la ciudad. Tienes cerca tiendas, parques, gimnasios, etc. por lo que podr\u00e1s ir andando a pr\u00e1cticamente todos los sitios.<\/li><li><strong>Alojamiento para todo tipo de personas<\/strong>: entendemos que cada persona tiene unas prioridades, preferencias y necesidades diferentes. Somos capaces de ofrecerte una alternativa que se adapte 100% a ti. Tambi\u00e9n disponemos de alojamientos de larga estancia con diferentes precios, as\u00ed nos ajustamos a tu presupuesto.<\/li><li><strong>Comunidad acogedora<\/strong>: tanto nuestros empleados como nuestros inquilinos son personas amigables y amables. Te sentir\u00e1s bien acogido desde el primer d\u00eda. Organizamos reuniones y eventos para que conozcas a los vecinos y puedas hacer vida social con ellos.<\/li><\/ol><p>\u00a0<\/p><h2>Alojamiento de larga estancia en Manzanares: una soluci\u00f3n a medida<\/h2><p>En La Condesa Carmen nos adaptamos a tu situaci\u00f3n. Te ser\u00e1 f\u00e1cil encontrar una habitaci\u00f3n para alquilar a largo plazo. Adem\u00e1s, nuestros precios son los mejores de la zona. Nuestro alquiler de larga estancia es asequible.<\/p><p>Aunque nuestros alojamientos son diferentes y pueden adaptarse, todos est\u00e1n 100% amueblados, son espaciosos y est\u00e1n muy bien iluminados. Son alojamientos de ciudad peque\u00f1a, mucho m\u00e1s amplios que los alojamientos de las grandes ciudades.<\/p><p><strong>Encuentra tu hogar en Manzanares<\/strong>. En La Condesa Carmen llevamos a\u00f1os ofreciendo alojamiento de larga estancia en Manzanares. \u00a1S\u00e9 parte de la familia! \u00c9chale un ojo al resto de la web para encontrar informaci\u00f3n sobre nuestras habitaciones.<\/p><p>Estamos seguros de que alguna opci\u00f3n se adaptar\u00e1 a ti. Y si no, ponte en contacto con nosotros para que adaptemos nuestras estancias.<\/p><h2>\u00bfBuscas alojamiento de larga estancia en Manzanares?<\/h2><p>Pues \u00e9chale un ojo a nuestras propiedades:<\/p>\t\t\t\t\t\t\t\t<\/div>\n\t\t\t\t<\/div>\n\t\t\t\t<div class=\"elementor-element elementor-element-636ff95 elementor-widget elementor-widget-spacer\" data-id=\"636ff95\" data-element_type=\"widget\" data-e-type=\"widget\" data-widget_type=\"spacer.default\">\n\t\t\t\t<div class=\"elementor-widget-container\">\n\t\t\t\t\t\t\t<div class=\"elementor-spacer\">\n\t\t\t<div class=\"elementor-spacer-inner\"><\/div>\n\t\t<\/div>\n\t\t\t\t\t\t<\/div>\n\t\t\t\t<\/div>\n\t\t\t\t\t<\/div>\n\t\t\t\t<\/div>\n\t\t<div class=\"elementor-element elementor-element-43c5242 e-flex e-con-boxed e-con e-parent\" data-id=\"43c5242\" data-element_type=\"container\" data-e-type=\"container\">\n\t\t\t\t\t<div class=\"e-con-inner\">\n\t\t<div class=\"elementor-element elementor-element-6446d4f e-con-full e-flex e-con e-child\" data-id=\"6446d4f\" data-element_type=\"container\" data-e-type=\"container\">\n\t\t\t\t<div class=\"elementor-element elementor-element-5216b82 elementor-widget elementor-widget-text-editor\" data-id=\"5216b82\" data-element_type=\"widget\" data-e-type=\"widget\" data-widget_type=\"text-editor.default\">\n\t\t\t\t<div class=\"elementor-widget-container\">\n\t\t\t\t\t\t\t\t\t<p>&#8211; <span style=\"text-decoration: underline;\"><strong>Aposentos La Condesa<\/strong><\/span>: dispone de 4 habitaciones, 4 ba\u00f1os, sal\u00f3n-cocina y un patio.\u00a0<\/p><p>\u00a0 \u00a0&#8211; <strong>Habitaci\u00f3n Condesa<\/strong><\/p><p>\u00a0 \u00a0&#8211; <strong>Habitaci\u00f3n Gran Teatro<\/strong><\/p><p>\u00a0 \u00a0&#8211; <strong>Habitaci\u00f3n Comendador<\/strong><\/p><p>\u00a0 \u00a0&#8211; <strong>Habitaci\u00f3n Moz\u00e1rabe<\/strong><\/p><p>&#8211; <span style=\"text-decoration: underline;\"><strong>Alojamiento El Carmen<\/strong><\/span>: dispone de 4 habitaciones, 3 ba\u00f1os, sal\u00f3n, cocina y terraza.\u00a0<\/p><p>\u00a0 \u00a0&#8211; <strong>Habitaci\u00f3n Dulcinea<\/strong><\/p><p>\u00a0 \u00a0&#8211; <strong>Habitaci\u00f3n Carmen<\/strong><\/p><p>\u00a0 \u00a0&#8211; <strong>Habitaci\u00f3n Museo<\/strong><\/p><p>\u00a0 \u00a0&#8211; <strong>Habitaci\u00f3n Castillo<\/strong><\/p>\t\t\t\t\t\t\t\t<\/div>\n\t\t\t\t<\/div>\n\t\t\t\t<\/div>\n\t\t<div class=\"elementor-element elementor-element-19a0ef5 e-con-full e-flex e-con e-child\" data-id=\"19a0ef5\" data-element_type=\"container\" data-e-type=\"container\">\n\t\t<div class=\"elementor-element elementor-element-31d546d e-flex e-con-boxed e-con e-child\" data-id=\"31d546d\" data-element_type=\"container\" data-e-type=\"container\">\n\t\t\t\t\t<div class=\"e-con-inner\">\n\t\t\t\t<div class=\"elementor-element elementor-element-f6b3650 elementor-widget elementor-widget-video\" data-id=\"f6b3650\" data-element_type=\"widget\" data-e-type=\"widget\" data-settings=\"{&quot;video_type&quot;:&quot;hosted&quot;,&quot;controls&quot;:&quot;yes&quot;}\" data-widget_type=\"video.default\">\n\t\t\t\t<div class=\"elementor-widget-container\">\n\t\t\t\t\t\t\t<div class=\"e-hosted-video elementor-wrapper elementor-open-inline\">\n\t\t\t\t\t<video class=\"elementor-video\" src=\"https:\/\/lacondesacarmen.com\/wp-content\/uploads\/2024\/02\/La-condesa-Video-2.mp4\" controls=\"\" preload=\"metadata\" controlslist=\"nodownload\" poster=\"https:\/\/lacondesacarmen.com\/wp-content\/uploads\/2024\/02\/La-condesa-Video-2.jpg\"><\/video>\n\t\t\t\t<\/div>\n\t\t\t\t\t\t<\/div>\n\t\t\t\t<\/div>\n\t\t\t\t\t<\/div>\n\t\t\t\t<\/div>\n\t\t<div class=\"elementor-element elementor-element-7f4f1f3 e-flex e-con-boxed e-con e-child\" data-id=\"7f4f1f3\" data-element_type=\"container\" data-e-type=\"container\">\n\t\t\t\t\t<div class=\"e-con-inner\">\n\t\t\t\t<div class=\"elementor-element elementor-element-aa2925b elementor-widget elementor-widget-video\" data-id=\"aa2925b\" data-element_type=\"widget\" data-e-type=\"widget\" data-settings=\"{&quot;video_type&quot;:&quot;hosted&quot;,&quot;controls&quot;:&quot;yes&quot;}\" data-widget_type=\"video.default\">\n\t\t\t\t<div class=\"elementor-widget-container\">\n\t\t\t\t\t\t\t<div class=\"e-hosted-video elementor-wrapper elementor-open-inline\">\n\t\t\t\t\t<video class=\"elementor-video\" src=\"https:\/\/lacondesacarmen.com\/wp-content\/uploads\/2024\/02\/Comunes.mp4\" controls=\"\" preload=\"metadata\" controlslist=\"nodownload\" poster=\"https:\/\/lacondesacarmen.com\/wp-content\/uploads\/2024\/02\/La-condesa-Video-2-1.jpg\"><\/video>\n\t\t\t\t<\/div>\n\t\t\t\t\t\t<\/div>\n\t\t\t\t<\/div>\n\t\t\t\t\t<\/div>\n\t\t\t\t<\/div>\n\t\t\t\t<\/div>\n\t\t\t\t\t<\/div>\n\t\t\t\t<\/div>\n\t\t<div class=\"elementor-element elementor-element-05fda73 e-flex e-con-boxed e-con e-parent\" data-id=\"05fda73\" data-element_type=\"container\" data-e-type=\"container\">\n\t\t\t\t\t<div class=\"e-con-inner\">\n\t\t\t\t<div class=\"elementor-element elementor-element-e6a5240 elementor-view-stacked elementor-shape-circle elementor-widget elementor-widget-icon\" data-id=\"e6a5240\" data-element_type=\"widget\" data-e-type=\"widget\" data-widget_type=\"icon.default\">\n\t\t\t\t<div class=\"elementor-widget-container\">\n\t\t\t\t\t\t\t<div class=\"elementor-icon-wrapper\">\n\t\t\t<a class=\"elementor-icon\" href=\"https:\/\/lacondesacarmen.com\/en\/reservar\/\">\n\t\t\t<svg aria-hidden=\"true\" class=\"e-font-icon-svg e-fas-home\" viewbox=\"0 0 576 512\" xmlns=\"http:\/\/www.w3.org\/2000\/svg\"><path d=\"M280.37 148.26L96 300.11V464a16 16 0 0 0 16 16l112.06-.29a16 16 0 0 0 15.92-16V368a16 16 0 0 1 16-16h64a16 16 0 0 1 16 16v95.64a16 16 0 0 0 16 16.05L464 480a16 16 0 0 0 16-16V300L295.67 148.26a12.19 12.19 0 0 0-15.3 0zM571.6 251.47L488 182.56V44.05a12 12 0 0 0-12-12h-56a12 12 0 0 0-12 12v72.61L318.47 43a48 48 0 0 0-61 0L4.34 251.47a12 12 0 0 0-1.6 16.9l25.5 31A12 12 0 0 0 45.15 301l235.22-193.74a12.19 12.19 0 0 1 15.3 0L530.9 301a12 12 0 0 0 16.9-1.6l25.5-31a12 12 0 0 0-1.7-16.93z\"><\/path><\/svg>\t\t\t<\/a>\n\t\t<\/div>\n\t\t\t\t\t\t<\/div>\n\t\t\t\t<\/div>\n\t\t\t\t<div class=\"elementor-element elementor-element-31be1c0 elementor-align-center elementor-invisible elementor-widget elementor-widget-button\" data-id=\"31be1c0\" data-element_type=\"widget\" data-e-type=\"widget\" data-settings=\"{&quot;_animation&quot;:&quot;fadeIn&quot;,&quot;_animation_delay&quot;:400}\" data-widget_type=\"button.default\">\n\t\t\t\t<div class=\"elementor-widget-container\">\n\t\t\t\t\t\t\t\t\t<div class=\"elementor-button-wrapper\">\n\t\t\t\t\t<a class=\"elementor-button elementor-button-link elementor-size-xl\" href=\"https:\/\/lacondesacarmen.com\/en\/reservar\/\">\n\t\t\t\t\t\t<span class=\"elementor-button-content-wrapper\">\n\t\t\t\t\t\t<span class=\"elementor-button-icon\">\n\t\t\t\t<svg aria-hidden=\"true\" class=\"e-font-icon-svg e-far-calendar-alt\" viewbox=\"0 0 448 512\" xmlns=\"http:\/\/www.w3.org\/2000\/svg\"><path d=\"M148 288h-40c-6.6 0-12-5.4-12-12v-40c0-6.6 5.4-12 12-12h40c6.6 0 12 5.4 12 12v40c0 6.6-5.4 12-12 12zm108-12v-40c0-6.6-5.4-12-12-12h-40c-6.6 0-12 5.4-12 12v40c0 6.6 5.4 12 12 12h40c6.6 0 12-5.4 12-12zm96 0v-40c0-6.6-5.4-12-12-12h-40c-6.6 0-12 5.4-12 12v40c0 6.6 5.4 12 12 12h40c6.6 0 12-5.4 12-12zm-96 96v-40c0-6.6-5.4-12-12-12h-40c-6.6 0-12 5.4-12 12v40c0 6.6 5.4 12 12 12h40c6.6 0 12-5.4 12-12zm-96 0v-40c0-6.6-5.4-12-12-12h-40c-6.6 0-12 5.4-12 12v40c0 6.6 5.4 12 12 12h40c6.6 0 12-5.4 12-12zm192 0v-40c0-6.6-5.4-12-12-12h-40c-6.6 0-12 5.4-12 12v40c0 6.6 5.4 12 12 12h40c6.6 0 12-5.4 12-12zm96-260v352c0 26.5-21.5 48-48 48H48c-26.5 0-48-21.5-48-48V112c0-26.5 21.5-48 48-48h48V12c0-6.6 5.4-12 12-12h40c6.6 0 12 5.4 12 12v52h128V12c0-6.6 5.4-12 12-12h40c6.6 0 12 5.4 12 12v52h48c26.5 0 48 21.5 48 48zm-48 346V160H48v298c0 3.3 2.7 6 6 6h340c3.3 0 6-2.7 6-6z\"><\/path><\/svg>\t\t\t<\/span>\n\t\t\t\t\t\t\t\t\t<span class=\"elementor-button-text\">Book Now<\/span>\n\t\t\t\t\t<\/span>\n\t\t\t\t\t<\/a>\n\t\t\t\t<\/div>\n\t\t\t\t\t\t\t\t<\/div>\n\t\t\t\t<\/div>\n\t\t\t\t\t<\/div>\n\t\t\t\t<\/div>\n\t\t\t\t<\/div>","protected":false},"excerpt":{"rendered":"<p>Ofrecemos m\u00e1s que simples habitaciones. Ofrecemos hogares donde te sentir\u00e1s c\u00f3modo, acogido, y parte de una comunidad. En La Condesa Carmen ofrecemos alojamiento de larga estancia en Manzanares, y llevamos [&hellip;]<\/p>\n","protected":false},"author":1,"featured_media":0,"parent":0,"menu_order":0,"comment_status":"closed","ping_status":"closed","template":"","meta":{"_monsterinsights_skip_tracking":false,"_monsterinsights_sitenote_active":false,"_monsterinsights_sitenote_note":"","_monsterinsights_sitenote_category":0,"_joinchat":[],"footnotes":""},"class_list":["post-328","page","type-page","status-publish","hentry"],"yoast_head":"<!-- This site is optimized with the Yoast SEO plugin v27.4 - https:\/\/yoast.com\/product\/yoast-seo-wordpress\/ -->\n<title>Alojamiento de larga estancia en Manzanares - La Condesa Carmen<\/title>\n<meta name=\"description\" content=\"Expertos en el alojamiento de larga estancia en Manzanares (Ciudad Real). Tenemos los precios m\u00e1s competitivos de la zona: 681 140 401.\" \/>\n<meta name=\"robots\" content=\"index, follow, max-snippet:-1, max-image-preview:large, max-video-preview:-1\" \/>\n<link rel=\"canonical\" href=\"https:\/\/lacondesacarmen.com\/en\/alojamiento-larga-estancia-manzanares\/\" \/>\n<meta property=\"og:locale\" content=\"en_GB\" \/>\n<meta property=\"og:type\" content=\"article\" \/>\n<meta property=\"og:title\" content=\"Alojamiento de larga estancia en Manzanares - La Condesa Carmen\" \/>\n<meta property=\"og:description\" content=\"Expertos en el alojamiento de larga estancia en Manzanares (Ciudad Real). Tenemos los precios m\u00e1s competitivos de la zona: 681 140 401.\" \/>\n<meta property=\"og:url\" content=\"https:\/\/lacondesacarmen.com\/en\/alojamiento-larga-estancia-manzanares\/\" \/>\n<meta property=\"og:site_name\" content=\"La Condesa Carmen\" \/>\n<meta property=\"article:publisher\" content=\"https:\/\/www.facebook.com\/@La-Condesa-Carmen-100091353312939\/?locale=it_IT&amp;_rdr\" \/>\n<meta property=\"article:modified_time\" content=\"2024-10-10T17:52:10+00:00\" \/>\n<meta property=\"og:image\" content=\"https:\/\/lacondesacarmen.com\/wp-content\/uploads\/2024\/02\/Zonas-Com-12bis-300x240.webp\" \/>\n<meta name=\"twitter:card\" content=\"summary_large_image\" \/>\n<meta name=\"twitter:label1\" content=\"Estimated reading time\" \/>\n\t<meta name=\"twitter:data1\" content=\"3 minutes\" \/>\n<script type=\"application\/ld+json\" class=\"yoast-schema-graph\">{\"@context\":\"https:\\\/\\\/schema.org\",\"@graph\":[{\"@type\":\"WebPage\",\"@id\":\"https:\\\/\\\/lacondesacarmen.com\\\/alojamiento-larga-estancia-manzanares\\\/\",\"url\":\"https:\\\/\\\/lacondesacarmen.com\\\/alojamiento-larga-estancia-manzanares\\\/\",\"name\":\"Alojamiento de larga estancia en Manzanares - La Condesa Carmen\",\"isPartOf\":{\"@id\":\"https:\\\/\\\/lacondesacarmen.com\\\/#website\"},\"primaryImageOfPage\":{\"@id\":\"https:\\\/\\\/lacondesacarmen.com\\\/alojamiento-larga-estancia-manzanares\\\/#primaryimage\"},\"image\":{\"@id\":\"https:\\\/\\\/lacondesacarmen.com\\\/alojamiento-larga-estancia-manzanares\\\/#primaryimage\"},\"thumbnailUrl\":\"https:\\\/\\\/lacondesacarmen.com\\\/wp-content\\\/uploads\\\/2024\\\/02\\\/Zonas-Com-12bis-300x240.webp\",\"datePublished\":\"2024-03-12T12:53:24+00:00\",\"dateModified\":\"2024-10-10T17:52:10+00:00\",\"description\":\"Expertos en el alojamiento de larga estancia en Manzanares (Ciudad Real). Tenemos los precios m\u00e1s competitivos de la zona: 681 140 401.\",\"breadcrumb\":{\"@id\":\"https:\\\/\\\/lacondesacarmen.com\\\/alojamiento-larga-estancia-manzanares\\\/#breadcrumb\"},\"inLanguage\":\"en-GB\",\"potentialAction\":[{\"@type\":\"ReadAction\",\"target\":[\"https:\\\/\\\/lacondesacarmen.com\\\/alojamiento-larga-estancia-manzanares\\\/\"]}]},{\"@type\":\"ImageObject\",\"inLanguage\":\"en-GB\",\"@id\":\"https:\\\/\\\/lacondesacarmen.com\\\/alojamiento-larga-estancia-manzanares\\\/#primaryimage\",\"url\":\"https:\\\/\\\/lacondesacarmen.com\\\/wp-content\\\/uploads\\\/2024\\\/02\\\/Zonas-Com-12bis-300x240.webp\",\"contentUrl\":\"https:\\\/\\\/lacondesacarmen.com\\\/wp-content\\\/uploads\\\/2024\\\/02\\\/Zonas-Com-12bis-300x240.webp\"},{\"@type\":\"BreadcrumbList\",\"@id\":\"https:\\\/\\\/lacondesacarmen.com\\\/alojamiento-larga-estancia-manzanares\\\/#breadcrumb\",\"itemListElement\":[{\"@type\":\"ListItem\",\"position\":1,\"name\":\"Inicio\",\"item\":\"https:\\\/\\\/lacondesacarmen.com\\\/\"},{\"@type\":\"ListItem\",\"position\":2,\"name\":\"Alojamiento de larga estancia en Manzanares\"}]},{\"@type\":\"WebSite\",\"@id\":\"https:\\\/\\\/lacondesacarmen.com\\\/#website\",\"url\":\"https:\\\/\\\/lacondesacarmen.com\\\/\",\"name\":\"lacondesacarmen.com\",\"description\":\"Alojamiento Manzanares\",\"publisher\":{\"@id\":\"https:\\\/\\\/lacondesacarmen.com\\\/#organization\"},\"alternateName\":\"lacondesacarmen.com\",\"potentialAction\":[{\"@type\":\"SearchAction\",\"target\":{\"@type\":\"EntryPoint\",\"urlTemplate\":\"https:\\\/\\\/lacondesacarmen.com\\\/?s={search_term_string}\"},\"query-input\":{\"@type\":\"PropertyValueSpecification\",\"valueRequired\":true,\"valueName\":\"search_term_string\"}}],\"inLanguage\":\"en-GB\"},{\"@type\":\"Organization\",\"@id\":\"https:\\\/\\\/lacondesacarmen.com\\\/#organization\",\"name\":\"La Condesa Carmen\",\"alternateName\":\"lacondesacarmen.com\",\"url\":\"https:\\\/\\\/lacondesacarmen.com\\\/\",\"logo\":{\"@type\":\"ImageObject\",\"inLanguage\":\"en-GB\",\"@id\":\"https:\\\/\\\/lacondesacarmen.com\\\/#\\\/schema\\\/logo\\\/image\\\/\",\"url\":\"https:\\\/\\\/lacondesacarmen.com\\\/wp-content\\\/uploads\\\/2024\\\/10\\\/cropped-LA-CONDESA.png\",\"contentUrl\":\"https:\\\/\\\/lacondesacarmen.com\\\/wp-content\\\/uploads\\\/2024\\\/10\\\/cropped-LA-CONDESA.png\",\"width\":1407,\"height\":1735,\"caption\":\"La Condesa Carmen\"},\"image\":{\"@id\":\"https:\\\/\\\/lacondesacarmen.com\\\/#\\\/schema\\\/logo\\\/image\\\/\"},\"sameAs\":[\"https:\\\/\\\/www.facebook.com\\\/@La-Condesa-Carmen-100091353312939\\\/?locale=it_IT&_rdr\",\"https:\\\/\\\/www.instagram.com\\\/lacondesacarmen\\\/\"]}]}<\/script>\n<!-- \/ Yoast SEO plugin. -->","yoast_head_json":{"title":"Alojamiento de larga estancia en Manzanares - La Condesa Carmen","description":"Expertos en el alojamiento de larga estancia en Manzanares (Ciudad Real). Tenemos los precios m\u00e1s competitivos de la zona: 681 140 401.","robots":{"index":"index","follow":"follow","max-snippet":"max-snippet:-1","max-image-preview":"max-image-preview:large","max-video-preview":"max-video-preview:-1"},"canonical":"https:\/\/lacondesacarmen.com\/en\/alojamiento-larga-estancia-manzanares\/","og_locale":"en_GB","og_type":"article","og_title":"Alojamiento de larga estancia en Manzanares - La Condesa Carmen","og_description":"Expertos en el alojamiento de larga estancia en Manzanares (Ciudad Real). Tenemos los precios m\u00e1s competitivos de la zona: 681 140 401.","og_url":"https:\/\/lacondesacarmen.com\/en\/alojamiento-larga-estancia-manzanares\/","og_site_name":"La Condesa Carmen","article_publisher":"https:\/\/www.facebook.com\/@La-Condesa-Carmen-100091353312939\/?locale=it_IT&_rdr","article_modified_time":"2024-10-10T17:52:10+00:00","og_image":[{"url":"https:\/\/lacondesacarmen.com\/wp-content\/uploads\/2024\/02\/Zonas-Com-12bis-300x240.webp","type":"","width":"","height":""}],"twitter_card":"summary_large_image","twitter_misc":{"Estimated reading time":"3 minutes"},"schema":{"@context":"https:\/\/schema.org","@graph":[{"@type":"WebPage","@id":"https:\/\/lacondesacarmen.com\/alojamiento-larga-estancia-manzanares\/","url":"https:\/\/lacondesacarmen.com\/alojamiento-larga-estancia-manzanares\/","name":"Alojamiento de larga estancia en Manzanares - La Condesa Carmen","isPartOf":{"@id":"https:\/\/lacondesacarmen.com\/#website"},"primaryImageOfPage":{"@id":"https:\/\/lacondesacarmen.com\/alojamiento-larga-estancia-manzanares\/#primaryimage"},"image":{"@id":"https:\/\/lacondesacarmen.com\/alojamiento-larga-estancia-manzanares\/#primaryimage"},"thumbnailUrl":"https:\/\/lacondesacarmen.com\/wp-content\/uploads\/2024\/02\/Zonas-Com-12bis-300x240.webp","datePublished":"2024-03-12T12:53:24+00:00","dateModified":"2024-10-10T17:52:10+00:00","description":"Expertos en el alojamiento de larga estancia en Manzanares (Ciudad Real). Tenemos los precios m\u00e1s competitivos de la zona: 681 140 401.","breadcrumb":{"@id":"https:\/\/lacondesacarmen.com\/alojamiento-larga-estancia-manzanares\/#breadcrumb"},"inLanguage":"en-GB","potentialAction":[{"@type":"ReadAction","target":["https:\/\/lacondesacarmen.com\/alojamiento-larga-estancia-manzanares\/"]}]},{"@type":"ImageObject","inLanguage":"en-GB","@id":"https:\/\/lacondesacarmen.com\/alojamiento-larga-estancia-manzanares\/#primaryimage","url":"https:\/\/lacondesacarmen.com\/wp-content\/uploads\/2024\/02\/Zonas-Com-12bis-300x240.webp","contentUrl":"https:\/\/lacondesacarmen.com\/wp-content\/uploads\/2024\/02\/Zonas-Com-12bis-300x240.webp"},{"@type":"BreadcrumbList","@id":"https:\/\/lacondesacarmen.com\/alojamiento-larga-estancia-manzanares\/#breadcrumb","itemListElement":[{"@type":"ListItem","position":1,"name":"Inicio","item":"https:\/\/lacondesacarmen.com\/"},{"@type":"ListItem","position":2,"name":"Alojamiento de larga estancia en Manzanares"}]},{"@type":"WebSite","@id":"https:\/\/lacondesacarmen.com\/#website","url":"https:\/\/lacondesacarmen.com\/","name":"lacondesacarmen.com","description":"Alojamiento Manzanares","publisher":{"@id":"https:\/\/lacondesacarmen.com\/#organization"},"alternateName":"lacondesacarmen.com","potentialAction":[{"@type":"SearchAction","target":{"@type":"EntryPoint","urlTemplate":"https:\/\/lacondesacarmen.com\/?s={search_term_string}"},"query-input":{"@type":"PropertyValueSpecification","valueRequired":true,"valueName":"search_term_string"}}],"inLanguage":"en-GB"},{"@type":"Organization","@id":"https:\/\/lacondesacarmen.com\/#organization","name":"La Condesa Carmen","alternateName":"lacondesacarmen.com","url":"https:\/\/lacondesacarmen.com\/","logo":{"@type":"ImageObject","inLanguage":"en-GB","@id":"https:\/\/lacondesacarmen.com\/#\/schema\/logo\/image\/","url":"https:\/\/lacondesacarmen.com\/wp-content\/uploads\/2024\/10\/cropped-LA-CONDESA.png","contentUrl":"https:\/\/lacondesacarmen.com\/wp-content\/uploads\/2024\/10\/cropped-LA-CONDESA.png","width":1407,"height":1735,"caption":"La Condesa Carmen"},"image":{"@id":"https:\/\/lacondesacarmen.com\/#\/schema\/logo\/image\/"},"sameAs":["https:\/\/www.facebook.com\/@La-Condesa-Carmen-100091353312939\/?locale=it_IT&_rdr","https:\/\/www.instagram.com\/lacondesacarmen\/"]}]}},"_links":{"self":[{"href":"https:\/\/lacondesacarmen.com\/en\/wp-json\/wp\/v2\/pages\/328","targetHints":{"allow":["GET"]}}],"collection":[{"href":"https:\/\/lacondesacarmen.com\/en\/wp-json\/wp\/v2\/pages"}],"about":[{"href":"https:\/\/lacondesacarmen.com\/en\/wp-json\/wp\/v2\/types\/page"}],"author":[{"embeddable":true,"href":"https:\/\/lacondesacarmen.com\/en\/wp-json\/wp\/v2\/users\/1"}],"replies":[{"embeddable":true,"href":"https:\/\/lacondesacarmen.com\/en\/wp-json\/wp\/v2\/comments?post=328"}],"version-history":[{"count":19,"href":"https:\/\/lacondesacarmen.com\/en\/wp-json\/wp\/v2\/pages\/328\/revisions"}],"predecessor-version":[{"id":683,"href":"https:\/\/lacondesacarmen.com\/en\/wp-json\/wp\/v2\/pages\/328\/revisions\/683"}],"wp:attachment":[{"href":"https:\/\/lacondesacarmen.com\/en\/wp-json\/wp\/v2\/media?parent=328"}],"curies":[{"name":"wp","href":"https:\/\/api.w.org\/{rel}","templated":true}]}}