{"id":585,"date":"2024-10-10T10:24:35","date_gmt":"2024-10-10T10:24:35","guid":{"rendered":"https:\/\/lacondesacarmen.com\/?page_id=585"},"modified":"2024-10-10T10:26:25","modified_gmt":"2024-10-10T10:26:25","slug":"politica-de-cancelacion","status":"publish","type":"page","link":"https:\/\/lacondesacarmen.com\/en\/politica-de-cancelacion\/","title":{"rendered":"Pol\u00edtica de Cancelaci\u00f3n"},"content":{"rendered":"<div data-elementor-type=\"wp-page\" data-elementor-id=\"585\" class=\"elementor elementor-585\" data-elementor-post-type=\"page\">\n\t\t\t\t<div class=\"elementor-element elementor-element-8f5f06f e-flex e-con-boxed e-con e-parent\" data-id=\"8f5f06f\" data-element_type=\"container\" data-e-type=\"container\">\n\t\t\t\t\t<div class=\"e-con-inner\">\n\t\t\t\t<div class=\"elementor-element elementor-element-6136a04 elementor-widget elementor-widget-text-editor\" data-id=\"6136a04\" data-element_type=\"widget\" data-e-type=\"widget\" data-widget_type=\"text-editor.default\">\n\t\t\t\t<div class=\"elementor-widget-container\">\n\t\t\t\t\t\t\t\t\t<p>En <strong>La Condesa Carmen<\/strong>, operada por <strong>Pachecofer, S.L.<\/strong>, entendemos que pueden surgir imprevistos que afecten sus planes de viaje. Para garantizar una gesti\u00f3n equitativa de las reservas, hemos implementado la siguiente pol\u00edtica de cancelaci\u00f3n:<\/p><ol><li><strong> Cancelaci\u00f3n con m\u00e1s de 24 horas de antelaci\u00f3n<\/strong><\/li><\/ol><ul><li>Si cancela su reserva con <strong>m\u00e1s de 24 horas<\/strong> de antelaci\u00f3n a la fecha y hora de su llegada, tendr\u00e1 derecho a un <strong>reembolso completo<\/strong> del monto pagado, excluyendo el <strong>dep\u00f3sito de reserva<\/strong> del 10%, el cual <strong>no es reembolsable<\/strong> bajo ninguna circunstancia.<\/li><\/ul><ol start=\"2\"><li><strong> Cancelaci\u00f3n con menos de 24 horas de antelaci\u00f3n<\/strong><\/li><\/ol><ul><li>Si la cancelaci\u00f3n ocurre con <strong>menos de 24 horas<\/strong> de antelaci\u00f3n a la fecha de entrada, <strong>no<\/strong> se realizar\u00e1 ning\u00fan reembolso, incluyendo el pago de la estancia y el dep\u00f3sito del 10%.<\/li><\/ul><ol start=\"3\"><li><strong> Dep\u00f3sito de reserva<\/strong><\/li><\/ol><ul><li>Todas las reservas requieren un <strong>dep\u00f3sito no reembolsable<\/strong> equivalente al <strong>10%<\/strong> del costo total de la estancia, sin importar el momento en que se realice la cancelaci\u00f3n.<\/li><\/ul><ol start=\"4\"><li><strong> No presentaci\u00f3n (No-show)<\/strong><\/li><\/ol><ul><li>Si el hu\u00e9sped no se presenta el d\u00eda de la llegada sin haber realizado una cancelaci\u00f3n previa, se considerar\u00e1 como <strong>no-show<\/strong> y se perder\u00e1 el <strong>100%<\/strong> del monto pagado, incluyendo el dep\u00f3sito del 10%.<\/li><\/ul><ol start=\"5\"><li><strong> Modificaci\u00f3n de la reserva<\/strong><\/li><\/ol><ul><li>Cualquier solicitud de modificaci\u00f3n debe realizarse con al menos <strong>48 horas<\/strong> de antelaci\u00f3n. Las modificaciones est\u00e1n sujetas a disponibilidad y pueden implicar un ajuste en el precio de la estancia.<\/li><li>No se aceptar\u00e1n modificaciones con menos de 24 horas de antelaci\u00f3n.<\/li><\/ul><ol start=\"6\"><li><strong> Excepciones<\/strong><\/li><\/ol><ul><li>Las excepciones a esta pol\u00edtica ser\u00e1n revisadas a la discreci\u00f3n de la direcci\u00f3n de <strong>Pachecofer, S.L.<\/strong>, y podr\u00edan requerir documentaci\u00f3n en casos de emergencias personales o fuerza mayor.<\/li><\/ul><ol start=\"7\"><li><strong> Condiciones adicionales<\/strong><\/li><\/ol><ul><li><strong>Pachecofer, S.L.<\/strong>, como empresa operadora de <strong>La Condesa Carmen<\/strong>, se reserva el derecho de modificar esta pol\u00edtica en cualquier momento, aplic\u00e1ndose dichas modificaciones solo a reservas futuras.<\/li><\/ul><p><strong>Informaci\u00f3n de Contacto:<\/strong><\/p><p><strong>Pachecofer, S.L.<\/strong><br \/>Operador de <strong>La Condesa Carmen<\/strong><br \/><em>Calle Monjas 1, Manzanares<\/em><br \/>+34 669741631\u00a0 \u00a0 \u00a0 \u00a0 \u00a0 \u00a0 \u00a0 \u00a0 \u00a0 \u00a0 \u00a0 \u00a0 \u00a0 \u00a0 \u00a0 \u00a0 \u00a0 \u00a0 \u00a0 \u00a0 \u00a0 \u00a0 \u00a0 \u00a0 \u00a0 \u00a0 \u00a0 \u00a0 \u00a0 \u00a0 \u00a0 \u00a0 \u00a0 \u00a0 \u00a0 \u00a0 \u00a0 \u00a0 \u00a0 \u00a0 \u00a0 \u00a0 \u00a0 \u00a0 \u00a0 \u00a0 \u00a0 \u00a0 \u00a0 \u00a0 \u00a0 \u00a0 \u00a0 \u00a0 \u00a0 \u00a0 \u00a0 \u00a0 \u00a0 \u00a0 \u00a0 \u00a0 \u00a0 \u00a0 \u00a0 \u00a0 \u00a0 \u00a0 \u00a0 \u00a0 \u00a0 \u00a0 \u00a0 \u00a0 \u00a0 \u00a0 \u00a0 \u00a0 \u00a0 \u00a0 \u00a0 \u00a0 \u00a0 \u00a0 \u00a0 \u00a0 \u00a0 \u00a0 \u00a0 \u00a0 \u00a0 \u00a0 \u00a0 \u00a0 \u00a0 \u00a0 \u00a0 \u00a0 \u00a0 \u00a0 \u00a0 \u00a0 \u00a0 \u00a0 \u00a0 \u00a0 \u00a0 \u00a0 \u00a0 \u00a0 \u00a0 \u00a0 \u00a0 \u00a0 \u00a0 \u00a0 \u00a0 \u00a0 \u00a0 \u00a0 \u00a0 \u00a0 \u00a0 \u00a0 \u00a0 \u00a0 \u00a0 \u00a0 \u00a0 \u00a0 \u00a0 \u00a0 \u00a0 \u00a0 \u00a0 \u00a0 \u00a0 \u00a0 \u00a0 \u00a0 \u00a0 \u00a0 \u00a0 \u00a0 \u00a0 \u00a0 \u00a0 callemonjas1@gmail.com<\/p><p>Esta pol\u00edtica ha sido establecida por <strong>Pachecofer, S.L.<\/strong>, la entidad operadora de <strong>La Condesa Carmen<\/strong>, con el fin de ofrecer claridad y transparencia a nuestros clientes.<\/p><p>\u00a0<\/p>\t\t\t\t\t\t\t\t<\/div>\n\t\t\t\t<\/div>\n\t\t\t\t\t<\/div>\n\t\t\t\t<\/div>\n\t\t\t\t<\/div>","protected":false},"excerpt":{"rendered":"<p>En La Condesa Carmen, operada por Pachecofer, S.L., entendemos que pueden surgir imprevistos que afecten sus planes de viaje. Para garantizar una gesti\u00f3n equitativa de las reservas, hemos implementado la [&hellip;]<\/p>\n","protected":false},"author":1,"featured_media":0,"parent":0,"menu_order":0,"comment_status":"closed","ping_status":"closed","template":"","meta":{"_monsterinsights_skip_tracking":false,"_monsterinsights_sitenote_active":false,"_monsterinsights_sitenote_note":"","_monsterinsights_sitenote_category":0,"_joinchat":[],"footnotes":""},"class_list":["post-585","page","type-page","status-publish","hentry"],"yoast_head":"<!-- This site is optimized with the Yoast SEO plugin v27.4 - https:\/\/yoast.com\/product\/yoast-seo-wordpress\/ -->\n<title>Pol\u00edtica de Cancelaci\u00f3n - La Condesa Carmen<\/title>\n<meta name=\"robots\" content=\"index, follow, max-snippet:-1, max-image-preview:large, max-video-preview:-1\" \/>\n<link rel=\"canonical\" href=\"https:\/\/lacondesacarmen.com\/en\/politica-de-cancelacion\/\" \/>\n<meta property=\"og:locale\" content=\"en_GB\" \/>\n<meta property=\"og:type\" content=\"article\" \/>\n<meta property=\"og:title\" content=\"Pol\u00edtica de Cancelaci\u00f3n - La Condesa Carmen\" \/>\n<meta property=\"og:description\" content=\"En La Condesa Carmen, operada por Pachecofer, S.L., entendemos que pueden surgir imprevistos que afecten sus planes de viaje. Para garantizar una gesti\u00f3n equitativa de las reservas, hemos implementado la [&hellip;]\" \/>\n<meta property=\"og:url\" content=\"https:\/\/lacondesacarmen.com\/en\/politica-de-cancelacion\/\" \/>\n<meta property=\"og:site_name\" content=\"La Condesa Carmen\" \/>\n<meta property=\"article:publisher\" content=\"https:\/\/www.facebook.com\/@La-Condesa-Carmen-100091353312939\/?locale=it_IT&amp;_rdr\" \/>\n<meta property=\"article:modified_time\" content=\"2024-10-10T10:26:25+00:00\" \/>\n<meta property=\"og:image\" content=\"https:\/\/lacondesacarmen.com\/wp-content\/uploads\/2024\/10\/LA-CONDESA.pdf-_1_.webp\" \/>\n\t<meta property=\"og:image:width\" content=\"1200\" \/>\n\t<meta property=\"og:image:height\" content=\"675\" \/>\n\t<meta property=\"og:image:type\" content=\"image\/webp\" \/>\n<meta name=\"twitter:card\" content=\"summary_large_image\" \/>\n<meta name=\"twitter:label1\" content=\"Estimated reading time\" \/>\n\t<meta name=\"twitter:data1\" content=\"2 minutes\" \/>\n<script type=\"application\/ld+json\" class=\"yoast-schema-graph\">{\"@context\":\"https:\\\/\\\/schema.org\",\"@graph\":[{\"@type\":\"WebPage\",\"@id\":\"https:\\\/\\\/lacondesacarmen.com\\\/politica-de-cancelacion\\\/\",\"url\":\"https:\\\/\\\/lacondesacarmen.com\\\/politica-de-cancelacion\\\/\",\"name\":\"Pol\u00edtica de Cancelaci\u00f3n - La Condesa Carmen\",\"isPartOf\":{\"@id\":\"https:\\\/\\\/lacondesacarmen.com\\\/#website\"},\"datePublished\":\"2024-10-10T10:24:35+00:00\",\"dateModified\":\"2024-10-10T10:26:25+00:00\",\"breadcrumb\":{\"@id\":\"https:\\\/\\\/lacondesacarmen.com\\\/politica-de-cancelacion\\\/#breadcrumb\"},\"inLanguage\":\"en-GB\",\"potentialAction\":[{\"@type\":\"ReadAction\",\"target\":[\"https:\\\/\\\/lacondesacarmen.com\\\/politica-de-cancelacion\\\/\"]}]},{\"@type\":\"BreadcrumbList\",\"@id\":\"https:\\\/\\\/lacondesacarmen.com\\\/politica-de-cancelacion\\\/#breadcrumb\",\"itemListElement\":[{\"@type\":\"ListItem\",\"position\":1,\"name\":\"Inicio\",\"item\":\"https:\\\/\\\/lacondesacarmen.com\\\/\"},{\"@type\":\"ListItem\",\"position\":2,\"name\":\"Pol\u00edtica de Cancelaci\u00f3n\"}]},{\"@type\":\"WebSite\",\"@id\":\"https:\\\/\\\/lacondesacarmen.com\\\/#website\",\"url\":\"https:\\\/\\\/lacondesacarmen.com\\\/\",\"name\":\"lacondesacarmen.com\",\"description\":\"Alojamiento Manzanares\",\"publisher\":{\"@id\":\"https:\\\/\\\/lacondesacarmen.com\\\/#organization\"},\"alternateName\":\"lacondesacarmen.com\",\"potentialAction\":[{\"@type\":\"SearchAction\",\"target\":{\"@type\":\"EntryPoint\",\"urlTemplate\":\"https:\\\/\\\/lacondesacarmen.com\\\/?s={search_term_string}\"},\"query-input\":{\"@type\":\"PropertyValueSpecification\",\"valueRequired\":true,\"valueName\":\"search_term_string\"}}],\"inLanguage\":\"en-GB\"},{\"@type\":\"Organization\",\"@id\":\"https:\\\/\\\/lacondesacarmen.com\\\/#organization\",\"name\":\"La Condesa Carmen\",\"alternateName\":\"lacondesacarmen.com\",\"url\":\"https:\\\/\\\/lacondesacarmen.com\\\/\",\"logo\":{\"@type\":\"ImageObject\",\"inLanguage\":\"en-GB\",\"@id\":\"https:\\\/\\\/lacondesacarmen.com\\\/#\\\/schema\\\/logo\\\/image\\\/\",\"url\":\"https:\\\/\\\/lacondesacarmen.com\\\/wp-content\\\/uploads\\\/2024\\\/10\\\/cropped-LA-CONDESA.png\",\"contentUrl\":\"https:\\\/\\\/lacondesacarmen.com\\\/wp-content\\\/uploads\\\/2024\\\/10\\\/cropped-LA-CONDESA.png\",\"width\":1407,\"height\":1735,\"caption\":\"La Condesa Carmen\"},\"image\":{\"@id\":\"https:\\\/\\\/lacondesacarmen.com\\\/#\\\/schema\\\/logo\\\/image\\\/\"},\"sameAs\":[\"https:\\\/\\\/www.facebook.com\\\/@La-Condesa-Carmen-100091353312939\\\/?locale=it_IT&_rdr\",\"https:\\\/\\\/www.instagram.com\\\/lacondesacarmen\\\/\"]}]}<\/script>\n<!-- \/ Yoast SEO plugin. -->","yoast_head_json":{"title":"Pol\u00edtica de Cancelaci\u00f3n - La Condesa Carmen","robots":{"index":"index","follow":"follow","max-snippet":"max-snippet:-1","max-image-preview":"max-image-preview:large","max-video-preview":"max-video-preview:-1"},"canonical":"https:\/\/lacondesacarmen.com\/en\/politica-de-cancelacion\/","og_locale":"en_GB","og_type":"article","og_title":"Pol\u00edtica de Cancelaci\u00f3n - La Condesa Carmen","og_description":"En La Condesa Carmen, operada por Pachecofer, S.L., entendemos que pueden surgir imprevistos que afecten sus planes de viaje. Para garantizar una gesti\u00f3n equitativa de las reservas, hemos implementado la [&hellip;]","og_url":"https:\/\/lacondesacarmen.com\/en\/politica-de-cancelacion\/","og_site_name":"La Condesa Carmen","article_publisher":"https:\/\/www.facebook.com\/@La-Condesa-Carmen-100091353312939\/?locale=it_IT&_rdr","article_modified_time":"2024-10-10T10:26:25+00:00","og_image":[{"width":1200,"height":675,"url":"https:\/\/lacondesacarmen.com\/wp-content\/uploads\/2024\/10\/LA-CONDESA.pdf-_1_.webp","type":"image\/webp"}],"twitter_card":"summary_large_image","twitter_misc":{"Estimated reading time":"2 minutes"},"schema":{"@context":"https:\/\/schema.org","@graph":[{"@type":"WebPage","@id":"https:\/\/lacondesacarmen.com\/politica-de-cancelacion\/","url":"https:\/\/lacondesacarmen.com\/politica-de-cancelacion\/","name":"Pol\u00edtica de Cancelaci\u00f3n - La Condesa Carmen","isPartOf":{"@id":"https:\/\/lacondesacarmen.com\/#website"},"datePublished":"2024-10-10T10:24:35+00:00","dateModified":"2024-10-10T10:26:25+00:00","breadcrumb":{"@id":"https:\/\/lacondesacarmen.com\/politica-de-cancelacion\/#breadcrumb"},"inLanguage":"en-GB","potentialAction":[{"@type":"ReadAction","target":["https:\/\/lacondesacarmen.com\/politica-de-cancelacion\/"]}]},{"@type":"BreadcrumbList","@id":"https:\/\/lacondesacarmen.com\/politica-de-cancelacion\/#breadcrumb","itemListElement":[{"@type":"ListItem","position":1,"name":"Inicio","item":"https:\/\/lacondesacarmen.com\/"},{"@type":"ListItem","position":2,"name":"Pol\u00edtica de Cancelaci\u00f3n"}]},{"@type":"WebSite","@id":"https:\/\/lacondesacarmen.com\/#website","url":"https:\/\/lacondesacarmen.com\/","name":"lacondesacarmen.com","description":"Alojamiento Manzanares","publisher":{"@id":"https:\/\/lacondesacarmen.com\/#organization"},"alternateName":"lacondesacarmen.com","potentialAction":[{"@type":"SearchAction","target":{"@type":"EntryPoint","urlTemplate":"https:\/\/lacondesacarmen.com\/?s={search_term_string}"},"query-input":{"@type":"PropertyValueSpecification","valueRequired":true,"valueName":"search_term_string"}}],"inLanguage":"en-GB"},{"@type":"Organization","@id":"https:\/\/lacondesacarmen.com\/#organization","name":"La Condesa Carmen","alternateName":"lacondesacarmen.com","url":"https:\/\/lacondesacarmen.com\/","logo":{"@type":"ImageObject","inLanguage":"en-GB","@id":"https:\/\/lacondesacarmen.com\/#\/schema\/logo\/image\/","url":"https:\/\/lacondesacarmen.com\/wp-content\/uploads\/2024\/10\/cropped-LA-CONDESA.png","contentUrl":"https:\/\/lacondesacarmen.com\/wp-content\/uploads\/2024\/10\/cropped-LA-CONDESA.png","width":1407,"height":1735,"caption":"La Condesa Carmen"},"image":{"@id":"https:\/\/lacondesacarmen.com\/#\/schema\/logo\/image\/"},"sameAs":["https:\/\/www.facebook.com\/@La-Condesa-Carmen-100091353312939\/?locale=it_IT&_rdr","https:\/\/www.instagram.com\/lacondesacarmen\/"]}]}},"_links":{"self":[{"href":"https:\/\/lacondesacarmen.com\/en\/wp-json\/wp\/v2\/pages\/585","targetHints":{"allow":["GET"]}}],"collection":[{"href":"https:\/\/lacondesacarmen.com\/en\/wp-json\/wp\/v2\/pages"}],"about":[{"href":"https:\/\/lacondesacarmen.com\/en\/wp-json\/wp\/v2\/types\/page"}],"author":[{"embeddable":true,"href":"https:\/\/lacondesacarmen.com\/en\/wp-json\/wp\/v2\/users\/1"}],"replies":[{"embeddable":true,"href":"https:\/\/lacondesacarmen.com\/en\/wp-json\/wp\/v2\/comments?post=585"}],"version-history":[{"count":4,"href":"https:\/\/lacondesacarmen.com\/en\/wp-json\/wp\/v2\/pages\/585\/revisions"}],"predecessor-version":[{"id":589,"href":"https:\/\/lacondesacarmen.com\/en\/wp-json\/wp\/v2\/pages\/585\/revisions\/589"}],"wp:attachment":[{"href":"https:\/\/lacondesacarmen.com\/en\/wp-json\/wp\/v2\/media?parent=585"}],"curies":[{"name":"wp","href":"https:\/\/api.w.org\/{rel}","templated":true}]}}