{"id":766,"date":"2024-12-16T18:10:22","date_gmt":"2024-12-16T18:10:22","guid":{"rendered":"https:\/\/lacondesacarmen.com\/?page_id=766"},"modified":"2024-12-16T18:23:03","modified_gmt":"2024-12-16T18:23:03","slug":"parking","status":"publish","type":"page","link":"https:\/\/lacondesacarmen.com\/en\/parking\/","title":{"rendered":"Park"},"content":{"rendered":"<div data-elementor-type=\"wp-page\" data-elementor-id=\"766\" class=\"elementor elementor-766\" data-elementor-post-type=\"page\">\n\t\t\t\t<div class=\"elementor-element elementor-element-5f3b8c3 e-flex e-con-boxed e-con e-parent\" data-id=\"5f3b8c3\" data-element_type=\"container\" data-e-type=\"container\">\n\t\t\t\t\t<div class=\"e-con-inner\">\n\t\t\t\t<div class=\"elementor-element elementor-element-6b61072 elementor-widget elementor-widget-heading\" data-id=\"6b61072\" data-element_type=\"widget\" data-e-type=\"widget\" data-widget_type=\"heading.default\">\n\t\t\t\t<div class=\"elementor-widget-container\">\n\t\t\t\t\t<h2 class=\"elementor-heading-title elementor-size-default\">Los Parkings est\u00e1n ordenados por cercan\u00eda:<\/h2>\t\t\t\t<\/div>\n\t\t\t\t<\/div>\n\t\t\t\t\t<\/div>\n\t\t\t\t<\/div>\n\t\t<div class=\"elementor-element elementor-element-c9dd27b e-grid e-con-boxed e-con e-parent\" data-id=\"c9dd27b\" data-element_type=\"container\" data-e-type=\"container\">\n\t\t\t\t\t<div class=\"e-con-inner\">\n\t\t\t\t<div class=\"elementor-element elementor-element-7d35ff9 elementor-widget elementor-widget-shortcode\" data-id=\"7d35ff9\" data-element_type=\"widget\" data-e-type=\"widget\" data-widget_type=\"shortcode.default\">\n\t\t\t\t<div class=\"elementor-widget-container\">\n\t\t\t\t\t\t\t<div class=\"elementor-shortcode\"><iframe src=\"https:\/\/www.google.com\/maps\/embed?pb=!1m24!1m8!1m3!1d3100.8478584754175!2d-3.373756874058456!3d38.99596852170314!3m2!1i1024!2i768!4f13.1!4m13!3e2!4m5!1s0xd6915573997fcc3%3A0xf9ca46cd5fcbdf2b!2sLa%20Condesa%20Carmen%2C%20C.%20de%20las%20Monjas%2C%201%2C%2013200%20Manzanares%2C%20Ciudad%20Real!3m2!1d38.9954815!2d-3.3714372999999997!4m5!1s0xd69145b7de0897f%3A0x67607e3bab4df436!2sCalle%20Dr.%20Fleming%2C%209%2C%2013200%20Manzanares%2C%20Ciudad%20Real!3m2!1d38.9964845!2d-3.3712359999999997!5e0!3m2!1ses!2ses!4v1734373000035!5m2!1ses!2ses\" width=\"600\" height=\"450\" style=\"border:0;\" allowfullscreen=\"\" loading=\"lazy\" referrerpolicy=\"no-referrer-when-downgrade\"><\/iframe><\/div>\n\t\t\t\t\t\t<\/div>\n\t\t\t\t<\/div>\n\t\t\t\t<div class=\"elementor-element elementor-element-eb709ad elementor-widget elementor-widget-shortcode\" data-id=\"eb709ad\" data-element_type=\"widget\" data-e-type=\"widget\" data-widget_type=\"shortcode.default\">\n\t\t\t\t<div class=\"elementor-widget-container\">\n\t\t\t\t\t\t\t<div class=\"elementor-shortcode\"><iframe src=\"https:\/\/www.google.com\/maps\/embed?pb=!1m28!1m12!1m3!1d3100.898678517604!2d-3.3732907236513023!3d38.994808740950056!2m3!1f0!2f0!3f0!3m2!1i1024!2i768!4f13.1!4m13!3e2!4m5!1s0xd6915573997fcc3%3A0xf9ca46cd5fcbdf2b!2sLa%20Condesa%20Carmen%2C%20C.%20de%20las%20Monjas%2C%201%2C%2013200%20Manzanares%2C%20Ciudad%20Real!3m2!1d38.9954815!2d-3.3714372999999997!4m5!1s0xd69145b2f5eda69%3A0x6e1e032bac966682!2sPl.%20del%20Castillo%2C%2013200%20Manzanares%2C%20Ciudad%20Real!3m2!1d38.9943106!2d-3.3698243999999997!5e0!3m2!1ses!2ses!4v1734373081728!5m2!1ses!2ses\" width=\"600\" height=\"450\" style=\"border:0;\" allowfullscreen=\"\" loading=\"lazy\" referrerpolicy=\"no-referrer-when-downgrade\"><\/iframe><\/div>\n\t\t\t\t\t\t<\/div>\n\t\t\t\t<\/div>\n\t\t\t\t<div class=\"elementor-element elementor-element-e981d4c elementor-widget elementor-widget-shortcode\" data-id=\"e981d4c\" data-element_type=\"widget\" data-e-type=\"widget\" data-widget_type=\"shortcode.default\">\n\t\t\t\t<div class=\"elementor-widget-container\">\n\t\t\t\t\t\t\t<div class=\"elementor-shortcode\"><iframe src=\"https:\/\/www.google.com\/maps\/embed?pb=!1m28!1m12!1m3!1d2607.534595093269!2d-3.3705876406086035!3d38.99480840814132!2m3!1f0!2f0!3f0!3m2!1i1024!2i768!4f13.1!4m13!3e0!4m5!1s0xd6915573997fcc3%3A0xf9ca46cd5fcbdf2b!2sLa%20Condesa%20Carmen%2C%20C.%20de%20las%20Monjas%2C%201%2C%2013200%20Manzanares%2C%20Ciudad%20Real!3m2!1d38.9954815!2d-3.3714372999999997!4m5!1s0xd69145baa2ad33f%3A0xfc12955b9e6d6ca4!2sPl.%20de%20Sta.%20Cruz%2C%2013200%20Manzanares%2C%20Ciudad%20Real!3m2!1d38.9941579!2d-3.3718127!5e0!3m2!1ses!2ses!4v1734373199175!5m2!1ses!2ses\" width=\"600\" height=\"450\" style=\"border:0;\" allowfullscreen=\"\" loading=\"lazy\" referrerpolicy=\"no-referrer-when-downgrade\"><\/iframe><\/div>\n\t\t\t\t\t\t<\/div>\n\t\t\t\t<\/div>\n\t\t\t\t\t<\/div>\n\t\t\t\t<\/div>\n\t\t<div class=\"elementor-element elementor-element-0dc5a80 e-flex e-con-boxed e-con e-parent\" data-id=\"0dc5a80\" data-element_type=\"container\" data-e-type=\"container\">\n\t\t\t\t\t<div class=\"e-con-inner\">\n\t\t\t\t<div class=\"elementor-element elementor-element-d5ae08d elementor-widget elementor-widget-spacer\" data-id=\"d5ae08d\" data-element_type=\"widget\" data-e-type=\"widget\" data-widget_type=\"spacer.default\">\n\t\t\t\t<div class=\"elementor-widget-container\">\n\t\t\t\t\t\t\t<div class=\"elementor-spacer\">\n\t\t\t<div class=\"elementor-spacer-inner\"><\/div>\n\t\t<\/div>\n\t\t\t\t\t\t<\/div>\n\t\t\t\t<\/div>\n\t\t\t\t\t<\/div>\n\t\t\t\t<\/div>\n\t\t<div class=\"elementor-element elementor-element-f949d22 e-flex e-con-boxed e-con e-parent\" data-id=\"f949d22\" data-element_type=\"container\" data-e-type=\"container\">\n\t\t\t\t\t<div class=\"e-con-inner\">\n\t\t\t\t<div class=\"elementor-element elementor-element-f1c7a15 elementor-widget elementor-widget-heading\" data-id=\"f1c7a15\" data-element_type=\"widget\" data-e-type=\"widget\" data-widget_type=\"heading.default\">\n\t\t\t\t<div class=\"elementor-widget-container\">\n\t\t\t\t\t<h2 class=\"elementor-heading-title elementor-size-default\">Parking privado --&gt; 6 \u20ac \/ noche<\/h2>\t\t\t\t<\/div>\n\t\t\t\t<\/div>\n\t\t\t\t\t<\/div>\n\t\t\t\t<\/div>\n\t\t<div class=\"elementor-element elementor-element-94255f0 e-flex e-con-boxed e-con e-parent\" data-id=\"94255f0\" data-element_type=\"container\" data-e-type=\"container\">\n\t\t\t\t\t<div class=\"e-con-inner\">\n\t\t\t\t<div class=\"elementor-element elementor-element-a43b7e9 elementor-widget elementor-widget-shortcode\" data-id=\"a43b7e9\" data-element_type=\"widget\" data-e-type=\"widget\" data-widget_type=\"shortcode.default\">\n\t\t\t\t<div class=\"elementor-widget-container\">\n\t\t\t\t\t\t\t<div class=\"elementor-shortcode\"><iframe src=\"https:\/\/www.google.com\/maps\/embed?pb=!1m28!1m12!1m3!1d6201.623649913701!2d-3.374107904924409!3d38.99679083681193!2m3!1f0!2f0!3f0!3m2!1i1024!2i768!4f13.1!4m13!3e0!4m5!1s0xd69145b7427d4d9%3A0x19eabf713b2857c3!2sCalle%20de%20las%20Monjas%2C%201%2C%20Manzanares!3m2!1d38.9954979!2d-3.3714594!4m5!1s0xd69145c8d25dc9f%3A0xa1fbd42d2b27237d!2sCalle%20%C3%81lvarez%20de%20Sotomayor%2C%208%2C%20Manzanares!3m2!1d38.99774!2d-3.3711499999999996!5e0!3m2!1ses!2ses!4v1734373328515!5m2!1ses!2ses\" width=\"600\" height=\"450\" style=\"border:0;\" allowfullscreen=\"\" loading=\"lazy\" referrerpolicy=\"no-referrer-when-downgrade\"><\/iframe><\/div>\n\t\t\t\t\t\t<\/div>\n\t\t\t\t<\/div>\n\t\t\t\t\t<\/div>\n\t\t\t\t<\/div>\n\t\t\t\t<\/div>","protected":false},"excerpt":{"rendered":"<p>Los Parkings est\u00e1n ordenados por cercan\u00eda: Parking privado &#8211;&gt; 6 \u20ac \/ noche<\/p>","protected":false},"author":1,"featured_media":0,"parent":0,"menu_order":0,"comment_status":"closed","ping_status":"closed","template":"","meta":{"_monsterinsights_skip_tracking":false,"_monsterinsights_sitenote_active":false,"_monsterinsights_sitenote_note":"","_monsterinsights_sitenote_category":0,"_joinchat":[],"footnotes":""},"class_list":["post-766","page","type-page","status-publish","hentry"],"yoast_head":"<!-- This site is optimized with the Yoast SEO plugin v27.4 - https:\/\/yoast.com\/product\/yoast-seo-wordpress\/ -->\n<title>Parkings - La Condesa Carmen<\/title>\n<meta name=\"description\" content=\"Parking. Aqu\u00ed podr\u00e1s encontrar diferentes parkings donde aparcar cerca de La Condesa Carmen. La mayor\u00eda son Parkings gratuitos.\" \/>\n<meta name=\"robots\" content=\"index, follow, max-snippet:-1, max-image-preview:large, max-video-preview:-1\" \/>\n<link rel=\"canonical\" href=\"https:\/\/lacondesacarmen.com\/en\/parking\/\" \/>\n<meta property=\"og:locale\" content=\"en_GB\" \/>\n<meta property=\"og:type\" content=\"article\" \/>\n<meta property=\"og:title\" content=\"Parkings - La Condesa Carmen\" \/>\n<meta property=\"og:description\" content=\"Parking. Aqu\u00ed podr\u00e1s encontrar diferentes parkings donde aparcar cerca de La Condesa Carmen. La mayor\u00eda son Parkings gratuitos.\" \/>\n<meta property=\"og:url\" content=\"https:\/\/lacondesacarmen.com\/en\/parking\/\" \/>\n<meta property=\"og:site_name\" content=\"La Condesa Carmen\" \/>\n<meta property=\"article:publisher\" content=\"https:\/\/www.facebook.com\/@La-Condesa-Carmen-100091353312939\/?locale=it_IT&amp;_rdr\" \/>\n<meta property=\"article:modified_time\" content=\"2024-12-16T18:23:03+00:00\" \/>\n<meta property=\"og:image\" content=\"https:\/\/lacondesacarmen.com\/wp-content\/uploads\/2024\/10\/LA-CONDESA.pdf-_1_.webp\" \/>\n\t<meta property=\"og:image:width\" content=\"1200\" \/>\n\t<meta property=\"og:image:height\" content=\"675\" \/>\n\t<meta property=\"og:image:type\" content=\"image\/webp\" \/>\n<meta name=\"twitter:card\" content=\"summary_large_image\" \/>\n<meta name=\"twitter:label1\" content=\"Estimated reading time\" \/>\n\t<meta name=\"twitter:data1\" content=\"1 minute\" \/>\n<script type=\"application\/ld+json\" class=\"yoast-schema-graph\">{\"@context\":\"https:\\\/\\\/schema.org\",\"@graph\":[{\"@type\":\"WebPage\",\"@id\":\"https:\\\/\\\/lacondesacarmen.com\\\/parking\\\/\",\"url\":\"https:\\\/\\\/lacondesacarmen.com\\\/parking\\\/\",\"name\":\"Parkings - La Condesa Carmen\",\"isPartOf\":{\"@id\":\"https:\\\/\\\/lacondesacarmen.com\\\/#website\"},\"datePublished\":\"2024-12-16T18:10:22+00:00\",\"dateModified\":\"2024-12-16T18:23:03+00:00\",\"description\":\"Parking. Aqu\u00ed podr\u00e1s encontrar diferentes parkings donde aparcar cerca de La Condesa Carmen. La mayor\u00eda son Parkings gratuitos.\",\"breadcrumb\":{\"@id\":\"https:\\\/\\\/lacondesacarmen.com\\\/parking\\\/#breadcrumb\"},\"inLanguage\":\"en-GB\",\"potentialAction\":[{\"@type\":\"ReadAction\",\"target\":[\"https:\\\/\\\/lacondesacarmen.com\\\/parking\\\/\"]}]},{\"@type\":\"BreadcrumbList\",\"@id\":\"https:\\\/\\\/lacondesacarmen.com\\\/parking\\\/#breadcrumb\",\"itemListElement\":[{\"@type\":\"ListItem\",\"position\":1,\"name\":\"Inicio\",\"item\":\"https:\\\/\\\/lacondesacarmen.com\\\/\"},{\"@type\":\"ListItem\",\"position\":2,\"name\":\"Parkings\"}]},{\"@type\":\"WebSite\",\"@id\":\"https:\\\/\\\/lacondesacarmen.com\\\/#website\",\"url\":\"https:\\\/\\\/lacondesacarmen.com\\\/\",\"name\":\"lacondesacarmen.com\",\"description\":\"Alojamiento Manzanares\",\"publisher\":{\"@id\":\"https:\\\/\\\/lacondesacarmen.com\\\/#organization\"},\"alternateName\":\"lacondesacarmen.com\",\"potentialAction\":[{\"@type\":\"SearchAction\",\"target\":{\"@type\":\"EntryPoint\",\"urlTemplate\":\"https:\\\/\\\/lacondesacarmen.com\\\/?s={search_term_string}\"},\"query-input\":{\"@type\":\"PropertyValueSpecification\",\"valueRequired\":true,\"valueName\":\"search_term_string\"}}],\"inLanguage\":\"en-GB\"},{\"@type\":\"Organization\",\"@id\":\"https:\\\/\\\/lacondesacarmen.com\\\/#organization\",\"name\":\"La Condesa Carmen\",\"alternateName\":\"lacondesacarmen.com\",\"url\":\"https:\\\/\\\/lacondesacarmen.com\\\/\",\"logo\":{\"@type\":\"ImageObject\",\"inLanguage\":\"en-GB\",\"@id\":\"https:\\\/\\\/lacondesacarmen.com\\\/#\\\/schema\\\/logo\\\/image\\\/\",\"url\":\"https:\\\/\\\/lacondesacarmen.com\\\/wp-content\\\/uploads\\\/2024\\\/10\\\/cropped-LA-CONDESA.png\",\"contentUrl\":\"https:\\\/\\\/lacondesacarmen.com\\\/wp-content\\\/uploads\\\/2024\\\/10\\\/cropped-LA-CONDESA.png\",\"width\":1407,\"height\":1735,\"caption\":\"La Condesa Carmen\"},\"image\":{\"@id\":\"https:\\\/\\\/lacondesacarmen.com\\\/#\\\/schema\\\/logo\\\/image\\\/\"},\"sameAs\":[\"https:\\\/\\\/www.facebook.com\\\/@La-Condesa-Carmen-100091353312939\\\/?locale=it_IT&_rdr\",\"https:\\\/\\\/www.instagram.com\\\/lacondesacarmen\\\/\"]}]}<\/script>\n<!-- \/ Yoast SEO plugin. -->","yoast_head_json":{"title":"Parkings - La Condesa Carmen","description":"Parking. Aqu\u00ed podr\u00e1s encontrar diferentes parkings donde aparcar cerca de La Condesa Carmen. La mayor\u00eda son Parkings gratuitos.","robots":{"index":"index","follow":"follow","max-snippet":"max-snippet:-1","max-image-preview":"max-image-preview:large","max-video-preview":"max-video-preview:-1"},"canonical":"https:\/\/lacondesacarmen.com\/en\/parking\/","og_locale":"en_GB","og_type":"article","og_title":"Parkings - La Condesa Carmen","og_description":"Parking. Aqu\u00ed podr\u00e1s encontrar diferentes parkings donde aparcar cerca de La Condesa Carmen. La mayor\u00eda son Parkings gratuitos.","og_url":"https:\/\/lacondesacarmen.com\/en\/parking\/","og_site_name":"La Condesa Carmen","article_publisher":"https:\/\/www.facebook.com\/@La-Condesa-Carmen-100091353312939\/?locale=it_IT&_rdr","article_modified_time":"2024-12-16T18:23:03+00:00","og_image":[{"width":1200,"height":675,"url":"https:\/\/lacondesacarmen.com\/wp-content\/uploads\/2024\/10\/LA-CONDESA.pdf-_1_.webp","type":"image\/webp"}],"twitter_card":"summary_large_image","twitter_misc":{"Estimated reading time":"1 minute"},"schema":{"@context":"https:\/\/schema.org","@graph":[{"@type":"WebPage","@id":"https:\/\/lacondesacarmen.com\/parking\/","url":"https:\/\/lacondesacarmen.com\/parking\/","name":"Parkings - La Condesa Carmen","isPartOf":{"@id":"https:\/\/lacondesacarmen.com\/#website"},"datePublished":"2024-12-16T18:10:22+00:00","dateModified":"2024-12-16T18:23:03+00:00","description":"Parking. Aqu\u00ed podr\u00e1s encontrar diferentes parkings donde aparcar cerca de La Condesa Carmen. La mayor\u00eda son Parkings gratuitos.","breadcrumb":{"@id":"https:\/\/lacondesacarmen.com\/parking\/#breadcrumb"},"inLanguage":"en-GB","potentialAction":[{"@type":"ReadAction","target":["https:\/\/lacondesacarmen.com\/parking\/"]}]},{"@type":"BreadcrumbList","@id":"https:\/\/lacondesacarmen.com\/parking\/#breadcrumb","itemListElement":[{"@type":"ListItem","position":1,"name":"Inicio","item":"https:\/\/lacondesacarmen.com\/"},{"@type":"ListItem","position":2,"name":"Parkings"}]},{"@type":"WebSite","@id":"https:\/\/lacondesacarmen.com\/#website","url":"https:\/\/lacondesacarmen.com\/","name":"lacondesacarmen.com","description":"Alojamiento Manzanares","publisher":{"@id":"https:\/\/lacondesacarmen.com\/#organization"},"alternateName":"lacondesacarmen.com","potentialAction":[{"@type":"SearchAction","target":{"@type":"EntryPoint","urlTemplate":"https:\/\/lacondesacarmen.com\/?s={search_term_string}"},"query-input":{"@type":"PropertyValueSpecification","valueRequired":true,"valueName":"search_term_string"}}],"inLanguage":"en-GB"},{"@type":"Organization","@id":"https:\/\/lacondesacarmen.com\/#organization","name":"La Condesa Carmen","alternateName":"lacondesacarmen.com","url":"https:\/\/lacondesacarmen.com\/","logo":{"@type":"ImageObject","inLanguage":"en-GB","@id":"https:\/\/lacondesacarmen.com\/#\/schema\/logo\/image\/","url":"https:\/\/lacondesacarmen.com\/wp-content\/uploads\/2024\/10\/cropped-LA-CONDESA.png","contentUrl":"https:\/\/lacondesacarmen.com\/wp-content\/uploads\/2024\/10\/cropped-LA-CONDESA.png","width":1407,"height":1735,"caption":"La Condesa Carmen"},"image":{"@id":"https:\/\/lacondesacarmen.com\/#\/schema\/logo\/image\/"},"sameAs":["https:\/\/www.facebook.com\/@La-Condesa-Carmen-100091353312939\/?locale=it_IT&_rdr","https:\/\/www.instagram.com\/lacondesacarmen\/"]}]}},"_links":{"self":[{"href":"https:\/\/lacondesacarmen.com\/en\/wp-json\/wp\/v2\/pages\/766","targetHints":{"allow":["GET"]}}],"collection":[{"href":"https:\/\/lacondesacarmen.com\/en\/wp-json\/wp\/v2\/pages"}],"about":[{"href":"https:\/\/lacondesacarmen.com\/en\/wp-json\/wp\/v2\/types\/page"}],"author":[{"embeddable":true,"href":"https:\/\/lacondesacarmen.com\/en\/wp-json\/wp\/v2\/users\/1"}],"replies":[{"embeddable":true,"href":"https:\/\/lacondesacarmen.com\/en\/wp-json\/wp\/v2\/comments?post=766"}],"version-history":[{"count":4,"href":"https:\/\/lacondesacarmen.com\/en\/wp-json\/wp\/v2\/pages\/766\/revisions"}],"predecessor-version":[{"id":771,"href":"https:\/\/lacondesacarmen.com\/en\/wp-json\/wp\/v2\/pages\/766\/revisions\/771"}],"wp:attachment":[{"href":"https:\/\/lacondesacarmen.com\/en\/wp-json\/wp\/v2\/media?parent=766"}],"curies":[{"name":"wp","href":"https:\/\/api.w.org\/{rel}","templated":true}]}}